{"id":15,"date":"2023-07-19T08:33:37","date_gmt":"2023-07-19T08:33:37","guid":{"rendered":"https:\/\/www.softconic-wp.egenslab.com\/?page_id=15"},"modified":"2025-09-24T15:15:15","modified_gmt":"2025-09-24T15:15:15","slug":"about","status":"publish","type":"page","link":"https:\/\/sparkshare.eu\/hr\/about\/","title":{"rendered":"O nama"},"content":{"rendered":"<div data-elementor-type=\"wp-page\" data-elementor-id=\"15\" class=\"elementor elementor-15\" data-elementor-post-type=\"page\">\n\t\t\t\t\t\t<section class=\"elementor-section elementor-top-section elementor-element elementor-element-e773199 elementor-section-full_width elementor-section-height-default elementor-section-height-default\" data-id=\"e773199\" data-element_type=\"section\" data-e-type=\"section\">\n\t\t\t\t\t\t<div class=\"elementor-container elementor-column-gap-default\">\n\t\t\t\t\t<div class=\"elementor-column elementor-col-100 elementor-top-column elementor-element elementor-element-708387c\" data-id=\"708387c\" data-element_type=\"column\" data-e-type=\"column\">\n\t\t\t<div class=\"elementor-widget-wrap\">\n\t\t\t\t\t\t\t<\/div>\n\t\t<\/div>\n\t\t\t\t\t<\/div>\n\t\t<\/section>\n\t\t\t\t<section class=\"elementor-section elementor-top-section elementor-element elementor-element-219a24c elementor-section-full_width elementor-section-height-default elementor-section-height-default\" data-id=\"219a24c\" data-element_type=\"section\" data-e-type=\"section\">\n\t\t\t\t\t\t<div class=\"elementor-container elementor-column-gap-default\">\n\t\t\t\t\t<div class=\"elementor-column elementor-col-100 elementor-top-column elementor-element elementor-element-990c037\" data-id=\"990c037\" data-element_type=\"column\" data-e-type=\"column\">\n\t\t\t<div class=\"elementor-widget-wrap elementor-element-populated\">\n\t\t\t\t\t\t<div class=\"elementor-element elementor-element-5b9417c elementor-widget elementor-widget-softconic_about\" data-id=\"5b9417c\" data-element_type=\"widget\" data-e-type=\"widget\" data-widget_type=\"softconic_about.default\">\n\t\t\t\t<div class=\"elementor-widget-container\">\n\t\t\t\t\t\n\n\n        <div class=\"home3-about-section\">\n            <div class=\"container-fluid\">\n                <div class=\"row g-lg-4 gy-5\">\n                    <div class=\"col-lg-9\">\n                        <div class=\"section-title-3\">\n                                                            <h2>Misija<\/h2>\n                                                                                        <p>Sparkshare je inovativna mre\u017ea pametnih punionica za elektri\u010dna vozila (EV) koja od kraja 2024. povezuje voza\u010de, gra\u0111ane i poduzetnike u jedinstvenu digitalnu energetsku zajednicu. Na\u0161a rje\u0161enja omogu\u0107uju dijeljenje elektri\u010dne energije putem pametnih EV punionica, poti\u010du\u0107i odr\u017eivu mobilnost i novi model sudjelovanja u energetskoj tranziciji. Sparkshare mre\u017ea rje\u0161ava tri klju\u010dna izazova dana\u0161njice: \u2022 Pristupa\u010dna infrastruktura \u2013 jednostavan i pouzdan pristup javnim punionicama. \u2022 Novi ekonomski modeli \u2013 uklju\u010divanje gra\u0111ana i poduzetnika u kru\u017eenje energije i stvaranje zajedni\u010dke vrijednosti. \u2022 Fer cijene \u2013 punjenje elektri\u010dnih vozila po konkurentnim i transparentnim uvjetima. Na\u0161a misija je ubrzati prijelaz na \u010distu energiju i elektromobilnost \u2013 stvaraju\u0107i zajednicu u kojoj svatko mo\u017ee sudjelovati, dijeliti i imati koristi.<\/p>\n                                                    <\/div>\n                        <div class=\"about-left\">\n                                                            <div class=\"about-img\">\n                                    <img data-recalc-dims=\"1\" decoding=\"async\" class=\"img-fluid magnetic-item\" src=\"https:\/\/i0.wp.com\/sparkshare.eu\/wp-content\/uploads\/2024\/03\/About1.png?ssl=1\" alt=\"about-left-image\">\n                                <\/div>\n                            \n                            <div class=\"about-content\">\n                                                                    <h2>Vizija<\/h2>\n                                                                                                    <p>Na\u0161a vizija je omogu\u0107iti vlasnicima elektri\u010dnih vozila punjenje po istoj cijeni kao kod ku\u0107nog punjenja, dok istovremeno vlasnicima elektrana omogu\u0107ujemo prodaju njihove energije po cijenama usporedivima s javnim punja\u010dima za elektri\u010dna vozila. Time \u017eelimo potaknuti \u0161iru upotrebu elektri\u010dnih vozila i doprinijeti odr\u017eivijoj energetskoj budu\u0107nosti.<\/p>\n                                                                <div class=\"devider\"><\/div>\n                                <ul class=\"about-feature\">\n                                                                            <li>\n                                                                                                                                <\/li>\n                                                                    <\/ul>\n                            <\/div>\n                        <\/div>\n                    <\/div>\n                    <div class=\"col-lg-3\">\n                        <div class=\"about-right\">\n                                                            <div class=\"about-img\">\n                                    <img data-recalc-dims=\"1\" decoding=\"async\" class=\"img-fluid magnetic-item\" src=\"https:\/\/i0.wp.com\/sparkshare.eu\/wp-content\/uploads\/2024\/03\/About2.png?ssl=1\" alt=\"about-right-image\">\n                                <\/div>\n                                                        <div class=\"about-exprience d-flex align-items-center justify-content-center\">\n                                                                    <div class=\"exp-text\">\n                                        <img decoding=\"async\" src=\"https:\/\/sparkshare.eu\/wp-content\/uploads\/2024\/03\/SparkShareLogoKvadrat-1.svg\" alt=\"rotate-text\">\n                                    <\/div>\n                                                                                            <\/div>\n                        <\/div>\n                    <\/div>\n                <\/div>\n            <\/div>\n\n\n\n    \t\t\t\t<\/div>\n\t\t\t\t<\/div>\n\t\t\t\t<div class=\"elementor-element elementor-element-156e66c elementor-widget elementor-widget-softconic_about_four\" data-id=\"156e66c\" data-element_type=\"widget\" data-e-type=\"widget\" data-widget_type=\"softconic_about_four.default\">\n\t\t\t\t<div class=\"elementor-widget-container\">\n\t\t\t\t\t\n\n\n\n        <!-- Start Why Choose section -->\n\n        <div class=\"home6-choose-section\">\n            <div class=\"container\">\n                <div class=\"row\">\n                    <div class=\"choose-top\">\n                        <div class=\"row\">\n                            <div class=\"col-lg-6\">\n                                <div class=\"choose-title\">\n                                                                            <span>Vrijednosti<\/span>\n                                                                                                                <h2>\u0160to najvi\u0161e cijenimo<\/h2>\n                                                                    <\/div>\n                            <\/div>\n                            <div class=\"col-lg-6\">\n                                                                    <div class=\"choose-right-img magnetic-item\">\n                                        <img data-recalc-dims=\"1\" decoding=\"async\" class=\"img-fluid\" src=\"https:\/\/i0.wp.com\/sparkshare.eu\/wp-content\/uploads\/2024\/03\/About3.png?ssl=1\" alt=\"right-corner-image\">\n                                    <\/div>\n                                                            <\/div>\n                        <\/div>\n                    <\/div>\n                    <div class=\"choose-btm\">\n                        <div class=\"row  g-lg-4 gy-5\">\n                            <div class=\"col-lg-7\">\n                                <div class=\"choose-left-content\">\n                                    <div class=\"vectors\">\n                                        <div class=\"choose-vec-top-r\">\n                                            <svg width=\"95\" height=\"95\" viewbox=\"0 0 95 95\" fill=\"none\" xmlns=\"http:\/\/www.w3.org\/2000\/svg\">\n                                                <rect opacity=\"0.05\" width=\"95\" height=\"95\" fill=\"#06D889\" \/>\n                                                <rect opacity=\"0.05\" y=\"5\" width=\"90\" height=\"90\" fill=\"#06D889\" \/>\n                                                <rect opacity=\"0.05\" y=\"10\" width=\"85\" height=\"85\" fill=\"#06D889\" \/>\n                                            <\/svg>\n                                        <\/div>\n                                        <div class=\"choose-vec-btm-l\">\n                                            <svg width=\"80\" height=\"80\" viewbox=\"0 0 80 80\" fill=\"none\" xmlns=\"http:\/\/www.w3.org\/2000\/svg\">\n                                                <rect opacity=\"0.1\" width=\"80\" height=\"80\" fill=\"#06D889\" \/>\n                                            <\/svg>\n                                        <\/div>\n                                    <\/div>\n                                                                            <div class=\"icon\">\n                                            <img decoding=\"async\" class=\"img-fluid\" src=\"https:\/\/sparkshare.eu\/wp-content\/uploads\/2024\/03\/SparkShareLogo.svg\" alt=\"left-logo-image\">\n                                        <\/div>\n                                                                                                                <h4>\n                                            Stvarno <span>pametan<\/span> punja\u010d za elektri\u010dna vozila                                        \n                                        <\/h4>\n\n                                                                                    <p>Posve\u0107eni smo promicanju najnovijih dostignu\u0107a u tehnologiji pametnog punjenja, uklju\u010duju\u0107i zna\u010dajke poput upravljanja optere\u0107enjem, integracije u mre\u017eu i kori\u0161tenja obnovljivih izvora energije. Iskori\u0161tavanjem ovih inovacija, cilj nam je maksimizirati u\u010dinkovitost distribucije elektri\u010dne energije, minimizirati emisiju uglji\u010dnog dioksida i ubrzati prijelaz na \u010di\u0161\u0107i, zeleniji transportni sustav.<\/p>\n                                                                                                                            <div class=\"sl\">\n                                                <h2>#SparkShare<\/h2>\n                                            <\/div>\n                                                                                                                <\/div>\n                            <\/div>\n                            <div class=\"col-lg-5\">\n                                <div class=\"choose-feature\">\n                                    <ul>\n                                                                                    <li>\n                                                <div class=\"single-feature\">\n                                                                                                        <div class=\"content\">\n                                                                                                                    <h4>Odr\u017eivost<\/h4>\n                                                                                                                                                                            <p>Posve\u0107eni smo smanjenju na\u0161eg utjecaja na okoli\u0161 kroz odr\u017eivu proizvodnju i pru\u017eanje odr\u017eivih rje\u0161enja za mobilnost kako bismo doprinijeli \u010di\u0161\u0107em okoli\u0161u za budu\u0107e generacije.<\/p>\n                                                                                                            <\/div>\n                                                <\/div>\n                                            <\/li>\n                                                                                    <li>\n                                                <div class=\"single-feature\">\n                                                                                                        <div class=\"content\">\n                                                                                                                    <h4>Zajednica<\/h4>\n                                                                                                                                                                            <p>Vjerujemo u snagu zajednice i poti\u010demo suradnju i podr\u0161ku me\u0111u \u010dlanovima na\u0161e zajednice kako bismo postigli zajedni\u010dke ciljeve odr\u017eive mobilnosti.<\/p>\n                                                                                                            <\/div>\n                                                <\/div>\n                                            <\/li>\n                                                                                    <li>\n                                                <div class=\"single-feature\">\n                                                                                                        <div class=\"content\">\n                                                                                                                    <h4>Inovacija<\/h4>\n                                                                                                                                                                            <p>Stalno te\u017eimo inovacijama u tehnologiji i praksama kako bismo pobolj\u0161ali korisni\u010dko iskustvo i potaknuli napredak u podru\u010dju elektri\u010dne mobilnosti.<\/p>\n                                                                                                            <\/div>\n                                                <\/div>\n                                            <\/li>\n                                                                                    <li>\n                                                <div class=\"single-feature\">\n                                                                                                        <div class=\"content\">\n                                                                                                                    <h4>Kvaliteta<\/h4>\n                                                                                                                                                                            <p>Te\u017eimo visokim standardima kvalitete u svemu \u0161to radimo, pru\u017eaju\u0107i pouzdane i trajne proizvode i usluge koji nadma\u0161uju o\u010dekivanja na\u0161ih kupaca.<\/p>\n                                                                                                            <\/div>\n                                                <\/div>\n                                            <\/li>\n                                                                                    <li>\n                                                <div class=\"single-feature\">\n                                                                                                        <div class=\"content\">\n                                                                                                                    <h4>Dru\u0161tvena odgovornost<\/h4>\n                                                                                                                                                                            <p>Preuzimamo odgovornost prema dru\u0161tvu i okoli\u0161u, promi\u010du\u0107i transparentnost, po\u0161tovanje i pridr\u017eavanje eti\u010dkih standarda u svim aspektima na\u0161eg poslovanja.<\/p>\n                                                                                                            <\/div>\n                                                <\/div>\n                                            <\/li>\n                                                                            <\/ul>\n                                <\/div>\n                            <\/div>\n                        <\/div>\n                    <\/div>\n                <\/div>\n            <\/div>\n        <\/div>\n        <!-- End Why Choose section -->\n\t\t\t\t<\/div>\n\t\t\t\t<\/div>\n\t\t\t\t\t<\/div>\n\t\t<\/div>\n\t\t\t\t\t<\/div>\n\t\t<\/section>\n\t\t<div class=\"elementor-element elementor-element-811cd03 e-flex e-con-boxed e-con e-parent\" data-id=\"811cd03\" data-element_type=\"container\" data-e-type=\"container\">\n\t\t\t\t\t<div class=\"e-con-inner\">\n\t\t\t\t<div class=\"elementor-element elementor-element-bbd3491 elementor-widget elementor-widget-text-editor\" data-id=\"bbd3491\" data-element_type=\"widget\" data-e-type=\"widget\" data-widget_type=\"text-editor.default\">\n\t\t\t\t<div class=\"elementor-widget-container\">\n\t\t\t\t\t\t\t\t\t<p>Podaci<\/p>\n<p>SparkShare d.o.o. is an EU Company part of the&nbsp;<a href=\"https:\/\/vaco.hr\">VACO<\/a> d.o.o. group<br>VATID: HR36562127189<br><span style=\"font-family: var( --e-global-typography-text-font-family ), Sans-serif; font-weight: var( --e-global-typography-text-font-weight ); text-align: var(--text-align);\">Board members:&nbsp;<\/span><span style=\"font-family: var( --e-global-typography-text-font-family ), Sans-serif; font-weight: var( --e-global-typography-text-font-weight ); text-align: var(--text-align);\">Kristina Dragu\u0161ica,&nbsp;<\/span><span style=\"font-family: var( --e-global-typography-text-font-family ), Sans-serif; font-weight: var( --e-global-typography-text-font-weight ); text-align: var(--text-align);\">Ivica Hasanec<br><\/span><span style=\"font-family: var( --e-global-typography-text-font-family ), Sans-serif; font-weight: var( --e-global-typography-text-font-weight ); text-align: var(--text-align);\">HQ: Stjepana Radi\u0107a 19a, HR-31000 Osijek, Croatia<br><\/span><span style=\"font-family: var( --e-global-typography-text-font-family ), Sans-serif; font-weight: var( --e-global-typography-text-font-weight ); text-align: var(--text-align);\">IBAN: HR34 4124 0031 1990 1023 0<br><\/span><span style=\"font-family: var( --e-global-typography-text-font-family ), Sans-serif; font-weight: var( --e-global-typography-text-font-weight ); text-align: var(--text-align);\">BIC: KENBHR22<br><\/span><span style=\"font-family: var( --e-global-typography-text-font-family ), Sans-serif; font-weight: var( --e-global-typography-text-font-weight ); text-align: var(--text-align);\">email: info@sparkshare.eu<\/span><\/p>\t\t\t\t\t\t\t\t<\/div>\n\t\t\t\t<\/div>\n\t\t\t\t\t<\/div>\n\t\t\t\t<\/div>\n\t\t\t\t<\/div>","protected":false},"excerpt":{"rendered":"<p>Mision Sparkshare is an innovative network of smart charging stations for electric vehicles (EVs) that, starting in late 2024, connects drivers, citizens, and businesses into a unique digital energy community. Our solutions enable the sharing of electricity through smart EV chargers, promoting sustainable mobility and a new model of participation in the energy transition. The [&hellip;]<\/p>\n","protected":false},"author":1,"featured_media":0,"parent":0,"menu_order":0,"comment_status":"closed","ping_status":"closed","template":"","meta":{"nf_dc_page":"","inline_featured_image":false,"footnotes":""},"class_list":["post-15","page","type-page","status-publish","hentry"],"jetpack_sharing_enabled":true,"_links":{"self":[{"href":"https:\/\/sparkshare.eu\/hr\/wp-json\/wp\/v2\/pages\/15","targetHints":{"allow":["GET"]}}],"collection":[{"href":"https:\/\/sparkshare.eu\/hr\/wp-json\/wp\/v2\/pages"}],"about":[{"href":"https:\/\/sparkshare.eu\/hr\/wp-json\/wp\/v2\/types\/page"}],"author":[{"embeddable":true,"href":"https:\/\/sparkshare.eu\/hr\/wp-json\/wp\/v2\/users\/1"}],"replies":[{"embeddable":true,"href":"https:\/\/sparkshare.eu\/hr\/wp-json\/wp\/v2\/comments?post=15"}],"version-history":[{"count":6,"href":"https:\/\/sparkshare.eu\/hr\/wp-json\/wp\/v2\/pages\/15\/revisions"}],"predecessor-version":[{"id":4621,"href":"https:\/\/sparkshare.eu\/hr\/wp-json\/wp\/v2\/pages\/15\/revisions\/4621"}],"wp:attachment":[{"href":"https:\/\/sparkshare.eu\/hr\/wp-json\/wp\/v2\/media?parent=15"}],"curies":[{"name":"wp","href":"https:\/\/api.w.org\/{rel}","templated":true}]}}