{"id":27,"date":"2023-07-19T08:35:59","date_gmt":"2023-07-19T08:35:59","guid":{"rendered":"https:\/\/www.softconic-wp.egenslab.com\/?page_id=27"},"modified":"2025-09-24T09:27:46","modified_gmt":"2025-09-24T09:27:46","slug":"contact","status":"publish","type":"page","link":"https:\/\/sparkshare.eu\/hr\/contact\/","title":{"rendered":"Kontakt"},"content":{"rendered":"<div data-elementor-type=\"wp-page\" data-elementor-id=\"27\" class=\"elementor elementor-27\" data-elementor-post-type=\"page\">\n\t\t\t\t\t\t<section class=\"elementor-section elementor-top-section elementor-element elementor-element-2659f0c elementor-section-boxed elementor-section-height-default elementor-section-height-default\" data-id=\"2659f0c\" data-element_type=\"section\" data-e-type=\"section\">\n\t\t\t\t\t\t<div class=\"elementor-container elementor-column-gap-default\">\n\t\t\t\t\t<div class=\"elementor-column elementor-col-100 elementor-top-column elementor-element elementor-element-d3fb02f\" data-id=\"d3fb02f\" data-element_type=\"column\" data-e-type=\"column\">\n\t\t\t<div class=\"elementor-widget-wrap elementor-element-populated\">\n\t\t\t\t\t\t<div class=\"elementor-element elementor-element-549d57a elementor-widget elementor-widget-softconic_contact\" data-id=\"549d57a\" data-element_type=\"widget\" data-e-type=\"widget\" data-widget_type=\"softconic_contact.default\">\n\t\t\t\t<div class=\"elementor-widget-container\">\n\t\t\t\t\t\n                    <div class=\"contact-page-wrap\">\n                <div class=\"container\">\n                    <div class=\"row g-lg-4 gy-5\">\n                        <div class=\"col-lg-6\">\n                            <div class=\"contact-content\">\n                                                                    <span> KONTAKTIRAJTE NAS<\/span>\n                                                                                                    <h2>Podijelimo iskre!<\/h2>\n                                                                                                    <p class=\"head-desc\">Ako imate bilo kakvih pitanja ili \u017eelite postati \u010dlan na\u0161e zajednice, ne oklijevajte kontaktirati nas.<\/p>\n                                \n                                <div class=\"informations\">\n                                    <div class=\"single-info\">\n                                        <div class=\"icon\">\n                                            <svg aria-hidden=\"true\" class=\"e-font-icon-svg e-fas-map-marker-alt\" viewbox=\"0 0 384 512\" xmlns=\"http:\/\/www.w3.org\/2000\/svg\"><path d=\"M172.268 501.67C26.97 291.031 0 269.413 0 192 0 85.961 85.961 0 192 0s192 85.961 192 192c0 77.413-26.97 99.031-172.268 309.67-9.535 13.774-29.93 13.773-39.464 0zM192 272c44.183 0 80-35.817 80-80s-35.817-80-80-80-80 35.817-80 80 35.817 80 80 80z\"><\/path><\/svg>                                        <\/div>\n                                                                                    <div class=\"info\">\n                                                <p>\n                                                    S. Radica 19a, Osijek<br> \nHR-31000, Croatia                                                <\/p>\n                                            <\/div>\n                                                                            <\/div>\n                                    <div class=\"single-info phone-new\">\n                                        <div class=\"icon\">\n                                                                                    <\/div>\n                                        <div class=\"info\">\n                                                                                                                                <\/div>\n                                    <\/div>\n                                    <div class=\"single-info\">\n                                        <div class=\"icon\">\n                                            <svg aria-hidden=\"true\" class=\"e-font-icon-svg e-far-envelope\" viewbox=\"0 0 512 512\" xmlns=\"http:\/\/www.w3.org\/2000\/svg\"><path d=\"M464 64H48C21.49 64 0 85.49 0 112v288c0 26.51 21.49 48 48 48h416c26.51 0 48-21.49 48-48V112c0-26.51-21.49-48-48-48zm0 48v40.805c-22.422 18.259-58.168 46.651-134.587 106.49-16.841 13.247-50.201 45.072-73.413 44.701-23.208.375-56.579-31.459-73.413-44.701C106.18 199.465 70.425 171.067 48 152.805V112h416zM48 400V214.398c22.914 18.251 55.409 43.862 104.938 82.646 21.857 17.205 60.134 55.186 103.062 54.955 42.717.231 80.509-37.199 103.053-54.947 49.528-38.783 82.032-64.401 104.947-82.653V400H48z\"><\/path><\/svg>                                        <\/div>\n                                        <div class=\"info email-in\">\n                                                                                            <a href=\"mailto: info@sparkshare.eu\">info@sparkshare.eu<\/a>\n                                                                                                                                <\/div>\n                                    <\/div>\n                                <\/div>\n                                <div class=\"follow-area\">\n                                    <h5 class=\"blog-widget-title\">\n                                                                                    PRATITE NAS<\/h5>\n                                                                                                    <p class=\"para\">Pratite nas na dru\u0161tvenim mre\u017eama<\/p>\n                                                                <div class=\"blog-widget-body\">\n                                    <ul class=\"follow-list d-flex flex-row align-items-start gap-4\">\n                                                                                    <li><a href=\"https:\/\/www.facebook.com\/profile.php?id=61552476664599\"><i class=\"bx bxl-facebook\"><\/i><\/a><\/li>\n                                                                                                                                                                                                            <li><a href=\"https:\/\/www.instagram.com\/sparkshare_eu?igsh=MWYzamcwa2Nwdjg5cw%3D%3D&#038;utm_source=qr\"><i class=\"bx bxl-instagram\"><\/i><\/a><\/li>\n                                                                                                                            <li> <a href=\"https:\/\/www.linkedin.com\/company\/sparkshareeu\/?viewAsMember=true\"><i class=\"bx bxl-linkedin\"><\/i><\/a><\/li>\n                                                                                                                                                                                                    <\/ul>\n                                <\/div>\n                                <\/div>\n                            <\/div>\n                        <\/div>\n                        <div class=\"col-lg-6\">\n                            <div class=\"contact-form-wrap\">\n                                                                    <div class=\"form-tltle\">\n                                        <h5>Napi\u0161ite nam poruku<\/h5>\n                                    <\/div>\n                                                                                                    <div class=\"contact-form\">\n                                        \n<div class=\"wpcf7 no-js\" id=\"wpcf7-f449-o1\" lang=\"en-US\" dir=\"ltr\" data-wpcf7-id=\"449\">\n<div class=\"screen-reader-response\"><p role=\"status\" aria-live=\"polite\" aria-atomic=\"true\"><\/p> <ul><\/ul><\/div>\n<form action=\"\/hr\/wp-json\/wp\/v2\/pages\/27#wpcf7-f449-o1\" method=\"post\" class=\"wpcf7-form init\" aria-label=\"Contact form\" novalidate=\"novalidate\" data-status=\"init\" data-trp-original-action=\"\/hr\/wp-json\/wp\/v2\/pages\/27#wpcf7-f449-o1\">\n<fieldset class=\"hidden-fields-container\"><input type=\"hidden\" name=\"_wpcf7\" value=\"449\" \/><input type=\"hidden\" name=\"_wpcf7_version\" value=\"6.1.5\" \/><input type=\"hidden\" name=\"_wpcf7_locale\" value=\"en_US\" \/><input type=\"hidden\" name=\"_wpcf7_unit_tag\" value=\"wpcf7-f449-o1\" \/><input type=\"hidden\" name=\"_wpcf7_container_post\" value=\"0\" \/><input type=\"hidden\" name=\"_wpcf7_posted_data_hash\" value=\"\" \/><input type=\"hidden\" name=\"_wpcf7_recaptcha_response\" value=\"\" \/>\n<\/fieldset>\n<div class=\"row\">\n    <div class=\"col-md-6 mb-20\">\n        <div class=\"form-inner\">\n            <label>Ime<\/label>\n            <span class=\"wpcf7-form-control-wrap\" data-name=\"f-name\"><input size=\"40\" maxlength=\"400\" class=\"wpcf7-form-control wpcf7-text wpcf7-validates-as-required\" aria-required=\"true\" aria-invalid=\"false\" value=\"\" type=\"text\" name=\"f-name\" \/><\/span>\n        <\/div>\n    <\/div>\n    <div class=\"col-md-6 mb-20\">\n        <div class=\"form-inner\">\n            <label>Prezime<\/label>\n            <span class=\"wpcf7-form-control-wrap\" data-name=\"l-name\"><input size=\"40\" maxlength=\"400\" class=\"wpcf7-form-control wpcf7-text wpcf7-validates-as-required\" aria-required=\"true\" aria-invalid=\"false\" value=\"\" type=\"text\" name=\"l-name\" \/><\/span>\n        <\/div>\n    <\/div>\n    <div class=\"col-lg-12 mb-20\">\n        <div class=\"form-inner\">\n            <label>Tvrtka<\/label>\n            <span class=\"wpcf7-form-control-wrap\" data-name=\"company-name\"><input size=\"40\" maxlength=\"400\" class=\"wpcf7-form-control wpcf7-text\" aria-invalid=\"false\" value=\"\" type=\"text\" name=\"company-name\" \/><\/span>\n        <\/div>\n    <\/div>\n    <div class=\"col-lg-12 mb-20\">\n        <div class=\"form-inner\">\n            <label>Email<\/label>\n            <span class=\"wpcf7-form-control-wrap\" data-name=\"email-704\"><input size=\"40\" maxlength=\"400\" class=\"wpcf7-form-control wpcf7-email wpcf7-validates-as-required wpcf7-text wpcf7-validates-as-email\" aria-required=\"true\" aria-invalid=\"false\" value=\"\" type=\"email\" name=\"email-704\" \/><\/span>\n        <\/div>\n    <\/div>\n    <div class=\"col-lg-12 mb-20\">\n        <div class=\"form-inner\">\n            <label>Broj mobitela<\/label>\n            <span class=\"wpcf7-form-control-wrap\" data-name=\"phn-number\"><input size=\"40\" maxlength=\"400\" class=\"wpcf7-form-control wpcf7-text wpcf7-validates-as-required\" aria-required=\"true\" aria-invalid=\"false\" value=\"\" type=\"text\" name=\"phn-number\" \/><\/span>\n        <\/div>\n    <\/div>\n    <div class=\"col-lg-12 mb-20\">\n        <div class=\"form-inner\">\n            <label>Poruka<\/label>\n            <span class=\"wpcf7-form-control-wrap\" data-name=\"message\"><textarea cols=\"40\" rows=\"10\" maxlength=\"2000\" class=\"wpcf7-form-control wpcf7-textarea\" aria-invalid=\"false\" name=\"message\"><\/textarea><\/span>\n        <\/div>\n    <\/div>\n    <div class=\"col-lg-12\">\n        <div class=\"form-inner\">\n            <button class=\"primary-btn3\" type=\"submit\">Po\u0161alji<\/button>\n        <\/div>\n    <\/div>\n\n<\/div><div class=\"wpcf7-response-output\" aria-hidden=\"true\"><\/div>\n<input type=\"hidden\" name=\"trp-form-language\" value=\"hr\"\/><\/form>\n<\/div>\n                                    <\/div>\n                                                            <\/div>\n                        <\/div>\n                    <\/div>\n                <\/div>\n            <\/div>\n        \n\n\n\n        \n\n\n\n\t\t\t\t<\/div>\n\t\t\t\t<\/div>\n\t\t\t\t\t<\/div>\n\t\t<\/div>\n\t\t\t\t\t<\/div>\n\t\t<\/section>\n\t\t\t\t<\/div>","protected":false},"excerpt":{"rendered":"<p>CONTACT WITH US Let&#039;s Share Sparks! If you have any question or want to become member of our community don&#039;t hasitate to contact us! S. Radica 19a, Osijek HR-31000, Croatia info@sparkshare.eu Follow Us Follow us on Social Network Write us a message first name Last name Company\/Organization Email Phone Message Submit<\/p>","protected":false},"author":1,"featured_media":0,"parent":0,"menu_order":0,"comment_status":"closed","ping_status":"closed","template":"","meta":{"nf_dc_page":"","inline_featured_image":false,"footnotes":""},"class_list":["post-27","page","type-page","status-publish","hentry"],"jetpack_sharing_enabled":true,"_links":{"self":[{"href":"https:\/\/sparkshare.eu\/hr\/wp-json\/wp\/v2\/pages\/27","targetHints":{"allow":["GET"]}}],"collection":[{"href":"https:\/\/sparkshare.eu\/hr\/wp-json\/wp\/v2\/pages"}],"about":[{"href":"https:\/\/sparkshare.eu\/hr\/wp-json\/wp\/v2\/types\/page"}],"author":[{"embeddable":true,"href":"https:\/\/sparkshare.eu\/hr\/wp-json\/wp\/v2\/users\/1"}],"replies":[{"embeddable":true,"href":"https:\/\/sparkshare.eu\/hr\/wp-json\/wp\/v2\/comments?post=27"}],"version-history":[{"count":5,"href":"https:\/\/sparkshare.eu\/hr\/wp-json\/wp\/v2\/pages\/27\/revisions"}],"predecessor-version":[{"id":4578,"href":"https:\/\/sparkshare.eu\/hr\/wp-json\/wp\/v2\/pages\/27\/revisions\/4578"}],"wp:attachment":[{"href":"https:\/\/sparkshare.eu\/hr\/wp-json\/wp\/v2\/media?parent=27"}],"curies":[{"name":"wp","href":"https:\/\/api.w.org\/{rel}","templated":true}]}}