{"id":302,"date":"2023-07-20T09:53:29","date_gmt":"2023-07-20T09:53:29","guid":{"rendered":"https:\/\/www.softconic-wp.egenslab.com\/?page_id=302"},"modified":"2025-09-24T08:58:46","modified_gmt":"2025-09-24T08:58:46","slug":"sparkshare-ai","status":"publish","type":"page","link":"https:\/\/sparkshare.eu\/hr\/solutions\/sparkshare-ai\/","title":{"rendered":"SparkShare DLM"},"content":{"rendered":"<div data-elementor-type=\"wp-page\" data-elementor-id=\"302\" class=\"elementor elementor-302\" data-elementor-post-type=\"page\">\n\t\t\t\t\t\t<section class=\"elementor-section elementor-top-section elementor-element elementor-element-003aaed elementor-section-full_width elementor-section-height-full elementor-section-height-default elementor-section-items-middle\" data-id=\"003aaed\" data-element_type=\"section\" data-e-type=\"section\">\n\t\t\t\t\t\t<div class=\"elementor-container elementor-column-gap-default\">\n\t\t\t\t\t<div class=\"elementor-column elementor-col-66 elementor-top-column elementor-element elementor-element-a210692\" data-id=\"a210692\" data-element_type=\"column\" data-e-type=\"column\">\n\t\t\t<div class=\"elementor-widget-wrap elementor-element-populated\">\n\t\t\t\t\t\t<div class=\"elementor-element elementor-element-d57e447 elementor-widget elementor-widget-softconic_heading\" data-id=\"d57e447\" data-element_type=\"widget\" data-e-type=\"widget\" data-widget_type=\"softconic_heading.default\">\n\t\t\t\t<div class=\"elementor-widget-container\">\n\t\t\t\t\t\n\n\n                    <div class=\"section-title-3\">\n                                    <h2>Sparkshare Dynamic Load Management<\/h2>\n                                                    <p>\n                        Dynamic Load Management (DLM) \u2013 Pametna kontrola energije za punjenje EV-a\nSparkshare Dynamic Load Management (DLM) je napredno rje\u0161enje za inteligentno upravljanje potro\u0161njom energije. Povezuju\u0107i se izravno s va\u0161im elektri\u010dnim krugom, DLM kontinuirano prati ukupnu potro\u0161nju energije i u stvarnom vremenu komunicira s va\u0161om EV punionicom. Na temelju tih podataka, automatski pode\u0161ava maksimalnu snagu punjenja, osiguravaju\u0107i:\nNema preoptere\u0107enja va\u0161e elektri\u010dne mre\u017ee,\nStabilnost mre\u017ee i uravnote\u017eenu distribuciju energije,\nSigurno, pouzdano i u\u010dinkovito punjenje EV-a.\nZahvaljuju\u0107i besprijekornoj WiFi povezanosti i jednostavnom postavljanju putem Sparkshare Web Portala ili mobilne aplikacije, korisnici mogu definirati zone potro\u0161nje, maksimalni napon po fazi i lako upravljati vi\u0161e punionica. DLM inteligentno dijeli dostupnu snagu me\u0111u svim povezanim punionicama, optimiziraju\u0107i protok energije bez skupih nadogradnji infrastrukture.\nPunite pametnije, sigurnije i \u0161tedljivije \u2013 Sparkshare DLM pru\u017ea savr\u0161enu ravnote\u017eu izme\u0111u performansi, u\u010dinkovitosti i sigurnosti za svakog vlasnika elektri\u010dnog vozila.                    <\/p>\n                            <\/div>\n        \n        \n        \n        \n\n\t\t\t\t<\/div>\n\t\t\t\t<\/div>\n\t\t\t\t\t<\/div>\n\t\t<\/div>\n\t\t\t\t<div class=\"elementor-column elementor-col-33 elementor-top-column elementor-element elementor-element-ad702e9\" data-id=\"ad702e9\" data-element_type=\"column\" data-e-type=\"column\">\n\t\t\t<div class=\"elementor-widget-wrap\">\n\t\t\t\t\t\t\t<\/div>\n\t\t<\/div>\n\t\t\t\t\t<\/div>\n\t\t<\/section>\n\t\t\t\t<section class=\"elementor-section elementor-top-section elementor-element elementor-element-681abb3 elementor-section-full_width elementor-section-height-default elementor-section-height-default\" data-id=\"681abb3\" data-element_type=\"section\" data-e-type=\"section\">\n\t\t\t\t\t\t<div class=\"elementor-container elementor-column-gap-no\">\n\t\t\t\t\t<div class=\"elementor-column elementor-col-100 elementor-top-column elementor-element elementor-element-937de04\" data-id=\"937de04\" data-element_type=\"column\" data-e-type=\"column\">\n\t\t\t<div class=\"elementor-widget-wrap elementor-element-populated\">\n\t\t\t\t\t\t<section class=\"elementor-section elementor-inner-section elementor-element elementor-element-3b95f73 elementor-section-boxed elementor-section-height-default elementor-section-height-default\" data-id=\"3b95f73\" data-element_type=\"section\" data-e-type=\"section\">\n\t\t\t\t\t\t<div class=\"elementor-container elementor-column-gap-default\">\n\t\t\t\t\t<div class=\"elementor-column elementor-col-100 elementor-inner-column elementor-element elementor-element-4014980\" data-id=\"4014980\" data-element_type=\"column\" data-e-type=\"column\">\n\t\t\t<div class=\"elementor-widget-wrap elementor-element-populated\">\n\t\t\t\t\t\t<div class=\"elementor-element elementor-element-e7e59b8 elementor-widget elementor-widget-heading\" data-id=\"e7e59b8\" data-element_type=\"widget\" data-e-type=\"widget\" data-widget_type=\"heading.default\">\n\t\t\t\t<div class=\"elementor-widget-container\">\n\t\t\t\t\t<h2 class=\"elementor-heading-title elementor-size-default\">Glavne karakteristike<\/h2>\t\t\t\t<\/div>\n\t\t\t\t<\/div>\n\t\t\t\t\t<\/div>\n\t\t<\/div>\n\t\t\t\t\t<\/div>\n\t\t<\/section>\n\t\t\t\t<div class=\"elementor-element elementor-element-496780a elementor-widget elementor-widget-softconic_service-details\" data-id=\"496780a\" data-element_type=\"widget\" data-e-type=\"widget\" data-widget_type=\"softconic_service-details.default\">\n\t\t\t\t<div class=\"elementor-widget-container\">\n\t\t\t\t\t\n        <div class=\"service-details\">\n            <div class=\"how-we-work-section\">\n                <div class=\"work-item\">\n                    <div class=\"container-fluid\">\n                        <div class=\"row row-cols-xl-5 row-cols-lg-4 row-cols-md-3 row-cols-sm-2 row-cols-1 gy-5 justify-content-center\">\n                                                            <div class=\"col magnetic-item\">\n                                    <div class=\"single-work-step\">\n                                        <div class=\"work-icon\">\n                                                                                            <svg aria-hidden=\"true\" class=\"e-font-icon-svg e-fas-brain\" viewbox=\"0 0 576 512\" xmlns=\"http:\/\/www.w3.org\/2000\/svg\"><path d=\"M208 0c-29.9 0-54.7 20.5-61.8 48.2-.8 0-1.4-.2-2.2-.2-35.3 0-64 28.7-64 64 0 4.8.6 9.5 1.7 14C52.5 138 32 166.6 32 200c0 12.6 3.2 24.3 8.3 34.9C16.3 248.7 0 274.3 0 304c0 33.3 20.4 61.9 49.4 73.9-.9 4.6-1.4 9.3-1.4 14.1 0 39.8 32.2 72 72 72 4.1 0 8.1-.5 12-1.2 9.6 28.5 36.2 49.2 68 49.2 39.8 0 72-32.2 72-72V64c0-35.3-28.7-64-64-64zm368 304c0-29.7-16.3-55.3-40.3-69.1 5.2-10.6 8.3-22.3 8.3-34.9 0-33.4-20.5-62-49.7-74 1-4.5 1.7-9.2 1.7-14 0-35.3-28.7-64-64-64-.8 0-1.5.2-2.2.2C422.7 20.5 397.9 0 368 0c-35.3 0-64 28.6-64 64v376c0 39.8 32.2 72 72 72 31.8 0 58.4-20.7 68-49.2 3.9.7 7.9 1.2 12 1.2 39.8 0 72-32.2 72-72 0-4.8-.5-9.5-1.4-14.1 29-12 49.4-40.6 49.4-73.9z\"><\/path><\/svg>                                                                                    <\/div>\n                                        <div class=\"work-content\">\n                                                                                            <h3>Pametno upravljanje energijom<\/h3>\n                                                                                                                                        <p>SparkShare DLM koristi snagu umjetne inteligencije za analizu podataka sa SparkShareBOX punionica i drugih izvora povezanih putem API-ja u stvarnom vremenu. Obradom tih informacija, SparkShare AI donosi informirane odluke za optimizaciju protoka energije, uravnote\u017euju\u0107i ponudu i potra\u017enju kako bi se maksimizirala u\u010dinkovitost i minimizirao gubitak energije.<\/p>\n                                                                                    <\/div>\n                                    <\/div>\n                                <\/div>\n                                                            <div class=\"col magnetic-item\">\n                                    <div class=\"single-work-step\">\n                                        <div class=\"work-icon\">\n                                                                                            <svg aria-hidden=\"true\" class=\"e-font-icon-svg e-fas-tree\" viewbox=\"0 0 384 512\" xmlns=\"http:\/\/www.w3.org\/2000\/svg\"><path d=\"M378.31 378.49L298.42 288h30.63c9.01 0 16.98-5 20.78-13.06 3.8-8.04 2.55-17.26-3.28-24.05L268.42 160h28.89c9.1 0 17.3-5.35 20.86-13.61 3.52-8.13 1.86-17.59-4.24-24.08L203.66 4.83c-6.03-6.45-17.28-6.45-23.32 0L70.06 122.31c-6.1 6.49-7.75 15.95-4.24 24.08C69.38 154.65 77.59 160 86.69 160h28.89l-78.14 90.91c-5.81 6.78-7.06 15.99-3.27 24.04C37.97 283 45.93 288 54.95 288h30.63L5.69 378.49c-6 6.79-7.36 16.09-3.56 24.26 3.75 8.05 12 13.25 21.01 13.25H160v24.45l-30.29 48.4c-5.32 10.64 2.42 23.16 14.31 23.16h95.96c11.89 0 19.63-12.52 14.31-23.16L224 440.45V416h136.86c9.01 0 17.26-5.2 21.01-13.25 3.8-8.17 2.44-17.47-3.56-24.26z\"><\/path><\/svg>                                                                                    <\/div>\n                                        <div class=\"work-content\">\n                                                                                            <h3>Integracija obnovljivih izvora energije<\/h3>\n                                                                                                                                        <p>SparkShare DLM integrira podatke iz obnovljivih izvora energije, poput solarnih elektrana, vjetroparkova i drugih. Kori\u0161tenjem ovih informacija, SparkShare DLM optimizira potro\u0161nju energije kako bi se maksimizirala uporaba obnovljivih izvora, smanjila ovisnost o fosilnim gorivima i ubla\u017eio utjecaj na okoli\u0161.<\/p>\n                                                                                    <\/div>\n                                    <\/div>\n                                <\/div>\n                                                            <div class=\"col magnetic-item\">\n                                    <div class=\"single-work-step\">\n                                        <div class=\"work-icon\">\n                                                                                            <svg aria-hidden=\"true\" class=\"e-font-icon-svg e-fas-project-diagram\" viewbox=\"0 0 640 512\" xmlns=\"http:\/\/www.w3.org\/2000\/svg\"><path d=\"M384 320H256c-17.67 0-32 14.33-32 32v128c0 17.67 14.33 32 32 32h128c17.67 0 32-14.33 32-32V352c0-17.67-14.33-32-32-32zM192 32c0-17.67-14.33-32-32-32H32C14.33 0 0 14.33 0 32v128c0 17.67 14.33 32 32 32h95.72l73.16 128.04C211.98 300.98 232.4 288 256 288h.28L192 175.51V128h224V64H192V32zM608 0H480c-17.67 0-32 14.33-32 32v128c0 17.67 14.33 32 32 32h128c17.67 0 32-14.33 32-32V32c0-17.67-14.33-32-32-32z\"><\/path><\/svg>                                                                                    <\/div>\n                                        <div class=\"work-content\">\n                                                                                            <h3>Besprijekorna API povezanost<\/h3>\n                                                                                                                                        <p>SparkShare DLM se besprijekorno integrira sa SparkShare punionicama i drugim izvorima povezanima putem API-ja, omogu\u0107uju\u0107i sveobuhvatnu kontrolu i upravljanje protokom energije unutar cijelog SparkShare ekosustava. Od pojedina\u010dnih potro\u0161a\u010da energije do velikih energetskih infrastruktura, SparkShare DLM osigurava kohezivno i u\u010dinkovito rje\u0161enje za upravljanje energijom.<\/p>\n                                                                                    <\/div>\n                                    <\/div>\n                                <\/div>\n                                                    <\/div>\n                    <\/div>\n                <\/div>\n            <\/div>\n        <\/div>\n\n\n\n\t\t\t\t<\/div>\n\t\t\t\t<\/div>\n\t\t\t\t\t<\/div>\n\t\t<\/div>\n\t\t\t\t\t<\/div>\n\t\t<\/section>\n\t\t\t\t<section class=\"elementor-section elementor-top-section elementor-element elementor-element-f840580 elementor-section-boxed elementor-section-height-default elementor-section-height-default\" data-id=\"f840580\" data-element_type=\"section\" data-e-type=\"section\">\n\t\t\t\t\t\t<div class=\"elementor-container elementor-column-gap-default\">\n\t\t\t\t\t<div class=\"elementor-column elementor-col-100 elementor-top-column elementor-element elementor-element-1ff580b\" data-id=\"1ff580b\" data-element_type=\"column\" data-e-type=\"column\">\n\t\t\t<div class=\"elementor-widget-wrap elementor-element-populated\">\n\t\t\t\t\t\t<div class=\"elementor-element elementor-element-93853e8 elementor-widget elementor-widget-softconic_process\" data-id=\"93853e8\" data-element_type=\"widget\" data-e-type=\"widget\" data-widget_type=\"softconic_process.default\">\n\t\t\t\t<div class=\"elementor-widget-container\">\n\t\t\t\t\t\n\n                    <div class=\"home5-process-area\">\n                <div class=\"row g-lg-4 gy-5 justify-content-center\">\n                                            <div class=\"col-lg-4 col-sm-6\">\n                            <div class=\"single-process\">\n                                <div class=\"sl\">\n                                    <h2>01<\/h2>\n                                <\/div>\n                                <div class=\"content\">\n                                                                            <h3>Najnovija tehnologija<\/h3>\n                                                                                                                <p>SparkShare AI koristi najnovija dostignu\u0107a u umjetnoj inteligenciji i analizi podataka kako bi pru\u017eio neusporedive mogu\u0107nosti upravljanja energijom.<\/p>\n                                                                    <\/div>\n                            <\/div>\n                        <\/div>\n                                            <div class=\"col-lg-4 col-sm-6\">\n                            <div class=\"single-process\">\n                                <div class=\"sl\">\n                                    <h2>02<\/h2>\n                                <\/div>\n                                <div class=\"content\">\n                                                                            <h3>U\u010dinkovitost i optimizacija<\/h3>\n                                                                                                                <p>Uz SparkShare AI, protok energije se optimizira u stvarnom vremenu na temelju dinami\u010dnih podataka sa SparkShareBOX ure\u0111aja i drugih izvora, osiguravaju\u0107i maksimalnu u\u010dinkovitost i pouzdanost.<\/p>\n                                                                    <\/div>\n                            <\/div>\n                        <\/div>\n                                            <div class=\"col-lg-4 col-sm-6\">\n                            <div class=\"single-process\">\n                                <div class=\"sl\">\n                                    <h2>03<\/h2>\n                                <\/div>\n                                <div class=\"content\">\n                                                                            <h3>Odr\u017eivost<\/h3>\n                                                                                                                <p>Integriranjem obnovljivih izvora energije i optimiziranjem potro\u0161nje energije, SparkShare AI doprinosi odr\u017eivijoj energetskoj budu\u0107nosti, smanjuju\u0107i utjecaj na okoli\u0161 i promi\u010du\u0107i \u010di\u0161a energetska rje\u0161enja.<\/p>\n                                                                    <\/div>\n                            <\/div>\n                        <\/div>\n                                            <div class=\"col-lg-4 col-sm-6\">\n                            <div class=\"single-process\">\n                                <div class=\"sl\">\n                                    <h2>04<\/h2>\n                                <\/div>\n                                <div class=\"content\">\n                                                                            <h3>Skalabilnost i fleksibilnost<\/h3>\n                                                                                                                <p>Bilo da upravljate jednim ure\u0111ajem ili cijelim energetskim mre\u017eama, SparkShare AI se skalira kako bi zadovoljio va\u0161e potrebe, nude\u0107i fleksibilnost i svestranost u upravljanju energijom.<\/p>\n                                                                    <\/div>\n                            <\/div>\n                        <\/div>\n                                    <\/div>\n            <\/div>\n        \n\n        \n\n\t\t\t\t<\/div>\n\t\t\t\t<\/div>\n\t\t\t\t\t<\/div>\n\t\t<\/div>\n\t\t\t\t\t<\/div>\n\t\t<\/section>\n\t\t\t\t<\/div>","protected":false},"excerpt":{"rendered":"<p>Sparkshare Dynamic Load Management Dynamic Load Management (DLM) \u2013 Smart Energy Control for EV Charging Sparkshare Dynamic Load Management (DLM) is an advanced solution for intelligent energy consumption control. By connecting directly to your electrical circuit, DLM continuously monitors total energy usage and communicates in real time with your EV charger. Based on live data, [&hellip;]<\/p>\n","protected":false},"author":1,"featured_media":0,"parent":31,"menu_order":1,"comment_status":"closed","ping_status":"closed","template":"","meta":{"nf_dc_page":"","inline_featured_image":false,"footnotes":""},"class_list":["post-302","page","type-page","status-publish","hentry"],"jetpack_sharing_enabled":true,"_links":{"self":[{"href":"https:\/\/sparkshare.eu\/hr\/wp-json\/wp\/v2\/pages\/302","targetHints":{"allow":["GET"]}}],"collection":[{"href":"https:\/\/sparkshare.eu\/hr\/wp-json\/wp\/v2\/pages"}],"about":[{"href":"https:\/\/sparkshare.eu\/hr\/wp-json\/wp\/v2\/types\/page"}],"author":[{"embeddable":true,"href":"https:\/\/sparkshare.eu\/hr\/wp-json\/wp\/v2\/users\/1"}],"replies":[{"embeddable":true,"href":"https:\/\/sparkshare.eu\/hr\/wp-json\/wp\/v2\/comments?post=302"}],"version-history":[{"count":4,"href":"https:\/\/sparkshare.eu\/hr\/wp-json\/wp\/v2\/pages\/302\/revisions"}],"predecessor-version":[{"id":4569,"href":"https:\/\/sparkshare.eu\/hr\/wp-json\/wp\/v2\/pages\/302\/revisions\/4569"}],"up":[{"embeddable":true,"href":"https:\/\/sparkshare.eu\/hr\/wp-json\/wp\/v2\/pages\/31"}],"wp:attachment":[{"href":"https:\/\/sparkshare.eu\/hr\/wp-json\/wp\/v2\/media?parent=302"}],"curies":[{"name":"wp","href":"https:\/\/api.w.org\/{rel}","templated":true}]}}