{"id":310,"date":"2023-07-20T09:55:47","date_gmt":"2023-07-20T09:55:47","guid":{"rendered":"https:\/\/www.softconic-wp.egenslab.com\/?page_id=310"},"modified":"2025-11-20T07:41:39","modified_gmt":"2025-11-20T07:41:39","slug":"sparkshare-boxev","status":"publish","type":"page","link":"https:\/\/sparkshare.eu\/hr\/solutions\/sparkshare-boxev\/","title":{"rendered":"SparkShare BOXEV"},"content":{"rendered":"<div data-elementor-type=\"wp-page\" data-elementor-id=\"310\" class=\"elementor elementor-310\" data-elementor-post-type=\"page\">\n\t\t\t\t\t\t<section class=\"elementor-section elementor-top-section elementor-element elementor-element-32047d23 elementor-section-boxed elementor-section-height-default elementor-section-height-default\" data-id=\"32047d23\" data-element_type=\"section\" data-e-type=\"section\">\n\t\t\t\t\t\t<div class=\"elementor-container elementor-column-gap-default\">\n\t\t\t\t\t<div class=\"elementor-column elementor-col-50 elementor-top-column elementor-element elementor-element-588dd85c\" data-id=\"588dd85c\" data-element_type=\"column\" data-e-type=\"column\">\n\t\t\t<div class=\"elementor-widget-wrap elementor-element-populated\">\n\t\t\t\t\t\t<div class=\"elementor-element elementor-element-c206aa1 elementor-widget elementor-widget-softconic_heading\" data-id=\"c206aa1\" data-element_type=\"widget\" data-e-type=\"widget\" data-widget_type=\"softconic_heading.default\">\n\t\t\t\t<div class=\"elementor-widget-container\">\n\t\t\t\t\t\n\n\n                    <div class=\"section-title-3\">\n                                    <h2>Pametan Wallbox za punjenje elektri\u010dnog vozila po maloj cijeni<\/h2>\n                                                    <p>\n                        SparkShareBOXEV \u2013 Smart, Sustainable EV Charging Stations for Homes and Businesses\nSparkShareBOXEV is a next-generation EV charger designed for drivers and businesses who demand efficiency, reliability, and intelligent energy management. With advanced features, real-time monitoring, and seamless integration into the SparkShare ecosystem, SparkShareBOXEV sets a new standard in electric vehicle (EV) charging technology.\nWhether you need a home EV charging station, a scalable commercial charging solution, or a smart charger for your fleet, SparkShareBOXEV ensures faster, safer, and more sustainable charging.\nWhy Choose SparkShareBOXEV?\nSmart energy optimization for lower charging costs and maximum efficiency\nReal-time tracking of charging sessions and energy usage\nFlexible installation for private, business, or public charging locations\nFuture-ready technology compatible with all major electric vehicle models\nFully integrated within the SparkShare network for unified control and management\nUpgrade your charging experience with a smarter, greener solution.\nChoose SparkShareBOXEV \u2013 the EV charger that powers the future of sustainable transportation.                    <\/p>\n                            <\/div>\n        \n        \n        \n        \n\n\t\t\t\t<\/div>\n\t\t\t\t<\/div>\n\t\t\t\t\t<\/div>\n\t\t<\/div>\n\t\t\t\t<div class=\"elementor-column elementor-col-50 elementor-top-column elementor-element elementor-element-22c524ad\" data-id=\"22c524ad\" data-element_type=\"column\" data-e-type=\"column\">\n\t\t\t<div class=\"elementor-widget-wrap elementor-element-populated\">\n\t\t\t\t\t\t<div class=\"elementor-element elementor-element-7e1265c2 elementor-widget__width-initial elementor-widget elementor-widget-image\" data-id=\"7e1265c2\" data-element_type=\"widget\" data-e-type=\"widget\" data-widget_type=\"image.default\">\n\t\t\t\t<div class=\"elementor-widget-container\">\n\t\t\t\t\t\t\t\t\t\t\t\t\t\t\t<img fetchpriority=\"high\" decoding=\"async\" width=\"2048\" height=\"1152\" src=\"https:\/\/i0.wp.com\/sparkshare.eu\/wp-content\/uploads\/2025\/09\/PHOTO-2024-06-03-16-11-42.jpg?fit=2048%2C1152&amp;ssl=1\" class=\"attachment-full size-full wp-image-4496\" alt=\"EV chargers, punja\u010di za elektri\u010dna vozila\" srcset=\"https:\/\/i0.wp.com\/sparkshare.eu\/wp-content\/uploads\/2025\/09\/PHOTO-2024-06-03-16-11-42.jpg?w=2048&amp;ssl=1 2048w, https:\/\/i0.wp.com\/sparkshare.eu\/wp-content\/uploads\/2025\/09\/PHOTO-2024-06-03-16-11-42.jpg?resize=300%2C169&amp;ssl=1 300w, https:\/\/i0.wp.com\/sparkshare.eu\/wp-content\/uploads\/2025\/09\/PHOTO-2024-06-03-16-11-42.jpg?resize=1024%2C576&amp;ssl=1 1024w, https:\/\/i0.wp.com\/sparkshare.eu\/wp-content\/uploads\/2025\/09\/PHOTO-2024-06-03-16-11-42.jpg?resize=768%2C432&amp;ssl=1 768w, https:\/\/i0.wp.com\/sparkshare.eu\/wp-content\/uploads\/2025\/09\/PHOTO-2024-06-03-16-11-42.jpg?resize=1536%2C864&amp;ssl=1 1536w, https:\/\/i0.wp.com\/sparkshare.eu\/wp-content\/uploads\/2025\/09\/PHOTO-2024-06-03-16-11-42.jpg?resize=18%2C10&amp;ssl=1 18w\" sizes=\"(max-width: 1000px) 100vw, 1000px\" \/>\t\t\t\t\t\t\t\t\t\t\t\t\t\t\t<\/div>\n\t\t\t\t<\/div>\n\t\t\t\t\t<\/div>\n\t\t<\/div>\n\t\t\t\t\t<\/div>\n\t\t<\/section>\n\t\t\t\t<section class=\"elementor-section elementor-top-section elementor-element elementor-element-7821ed05 elementor-section-full_width elementor-section-height-default elementor-section-height-default\" data-id=\"7821ed05\" data-element_type=\"section\" data-e-type=\"section\">\n\t\t\t\t\t\t<div class=\"elementor-container elementor-column-gap-no\">\n\t\t\t\t\t<div class=\"elementor-column elementor-col-100 elementor-top-column elementor-element elementor-element-4cbd1a4a\" data-id=\"4cbd1a4a\" data-element_type=\"column\" data-e-type=\"column\">\n\t\t\t<div class=\"elementor-widget-wrap elementor-element-populated\">\n\t\t\t\t\t\t<section class=\"elementor-section elementor-inner-section elementor-element elementor-element-59facc2b elementor-section-boxed elementor-section-height-default elementor-section-height-default\" data-id=\"59facc2b\" data-element_type=\"section\" data-e-type=\"section\">\n\t\t\t\t\t\t<div class=\"elementor-container elementor-column-gap-default\">\n\t\t\t\t\t<div class=\"elementor-column elementor-col-100 elementor-inner-column elementor-element elementor-element-4739003d\" data-id=\"4739003d\" data-element_type=\"column\" data-e-type=\"column\">\n\t\t\t<div class=\"elementor-widget-wrap elementor-element-populated\">\n\t\t\t\t\t\t<div class=\"elementor-element elementor-element-45e95801 elementor-widget elementor-widget-heading\" data-id=\"45e95801\" data-element_type=\"widget\" data-e-type=\"widget\" data-widget_type=\"heading.default\">\n\t\t\t\t<div class=\"elementor-widget-container\">\n\t\t\t\t\t<h2 class=\"elementor-heading-title elementor-size-default\">Glavne karakteristike<\/h2>\t\t\t\t<\/div>\n\t\t\t\t<\/div>\n\t\t\t\t\t<\/div>\n\t\t<\/div>\n\t\t\t\t\t<\/div>\n\t\t<\/section>\n\t\t\t\t<div class=\"elementor-element elementor-element-2ca8ebc9 elementor-widget elementor-widget-softconic_service-details\" data-id=\"2ca8ebc9\" data-element_type=\"widget\" data-e-type=\"widget\" data-widget_type=\"softconic_service-details.default\">\n\t\t\t\t<div class=\"elementor-widget-container\">\n\t\t\t\t\t\n        <div class=\"service-details\">\n            <div class=\"how-we-work-section\">\n                <div class=\"work-item\">\n                    <div class=\"container-fluid\">\n                        <div class=\"row row-cols-xl-5 row-cols-lg-4 row-cols-md-3 row-cols-sm-2 row-cols-1 gy-5 justify-content-center\">\n                                                            <div class=\"col magnetic-item\">\n                                    <div class=\"single-work-step\">\n                                        <div class=\"work-icon\">\n                                                                                            <svg aria-hidden=\"true\" class=\"e-font-icon-svg e-fas-car\" viewbox=\"0 0 512 512\" xmlns=\"http:\/\/www.w3.org\/2000\/svg\"><path d=\"M499.99 176h-59.87l-16.64-41.6C406.38 91.63 365.57 64 319.5 64h-127c-46.06 0-86.88 27.63-103.99 70.4L71.87 176H12.01C4.2 176-1.53 183.34.37 190.91l6 24C7.7 220.25 12.5 224 18.01 224h20.07C24.65 235.73 16 252.78 16 272v48c0 16.12 6.16 30.67 16 41.93V416c0 17.67 14.33 32 32 32h32c17.67 0 32-14.33 32-32v-32h256v32c0 17.67 14.33 32 32 32h32c17.67 0 32-14.33 32-32v-54.07c9.84-11.25 16-25.8 16-41.93v-48c0-19.22-8.65-36.27-22.07-48H494c5.51 0 10.31-3.75 11.64-9.09l6-24c1.89-7.57-3.84-14.91-11.65-14.91zm-352.06-17.83c7.29-18.22 24.94-30.17 44.57-30.17h127c19.63 0 37.28 11.95 44.57 30.17L384 208H128l19.93-49.83zM96 319.8c-19.2 0-32-12.76-32-31.9S76.8 256 96 256s48 28.71 48 47.85-28.8 15.95-48 15.95zm320 0c-19.2 0-48 3.19-48-15.95S396.8 256 416 256s32 12.76 32 31.9-12.8 31.9-32 31.9z\"><\/path><\/svg>                                                                                    <\/div>\n                                        <div class=\"work-content\">\n                                                                                            <h3>Type 2 kabel<\/h3>\n                                                                                                                                        <p>SparkShareBOXEV dolazi opremljen s 6 m dugim pri\u010dvr\u0161\u0107enim Type 2 EV kabelom, omogu\u0107uju\u0107i jednostavno i bezbri\u017eno punjenje elektri\u010dnih vozila. Samo priklju\u010dite kabel, a SparkShareBOXEV \u0107e se pobrinuti za sve ostalo, osiguravaju\u0107i glatko i u\u010dinkovito iskustvo punjenja.\n\n<\/p>\n                                                                                    <\/div>\n                                    <\/div>\n                                <\/div>\n                                                            <div class=\"col magnetic-item\">\n                                    <div class=\"single-work-step\">\n                                        <div class=\"work-icon\">\n                                                                                            <svg aria-hidden=\"true\" class=\"e-font-icon-svg e-fas-charging-station\" viewbox=\"0 0 576 512\" xmlns=\"http:\/\/www.w3.org\/2000\/svg\"><path d=\"M336 448H16c-8.84 0-16 7.16-16 16v32c0 8.84 7.16 16 16 16h320c8.84 0 16-7.16 16-16v-32c0-8.84-7.16-16-16-16zm208-320V80c0-8.84-7.16-16-16-16s-16 7.16-16 16v48h-32V80c0-8.84-7.16-16-16-16s-16 7.16-16 16v48h-16c-8.84 0-16 7.16-16 16v32c0 35.76 23.62 65.69 56 75.93v118.49c0 13.95-9.5 26.92-23.26 29.19C431.22 402.5 416 388.99 416 372v-28c0-48.6-39.4-88-88-88h-8V64c0-35.35-28.65-64-64-64H96C60.65 0 32 28.65 32 64v352h288V304h8c22.09 0 40 17.91 40 40v24.61c0 39.67 28.92 75.16 68.41 79.01C481.71 452.05 520 416.41 520 372V251.93c32.38-10.24 56-40.17 56-75.93v-32c0-8.84-7.16-16-16-16h-16zm-283.91 47.76l-93.7 139c-2.2 3.33-6.21 5.24-10.39 5.24-7.67 0-13.47-6.28-11.67-12.92L167.35 224H108c-7.25 0-12.85-5.59-11.89-11.89l16-107C112.9 99.9 117.98 96 124 96h68c7.88 0 13.62 6.54 11.6 13.21L192 160h57.7c9.24 0 15.01 8.78 10.39 15.76z\"><\/path><\/svg>                                                                                    <\/div>\n                                        <div class=\"work-content\">\n                                                                                            <h3>Snaga punjenja<\/h3>\n                                                                                                                                        <p> Snaga punjenja od 1,4 kW (6 A, jednofazno) do 22 kW (32 A, trofazno), podesiva prema potrebama korisnika \u2013 sve upravljano putem mobilne aplikacije.<\/p>\n                                                                                    <\/div>\n                                    <\/div>\n                                <\/div>\n                                                            <div class=\"col magnetic-item\">\n                                    <div class=\"single-work-step\">\n                                        <div class=\"work-icon\">\n                                                                                            <svg xmlns=\"http:\/\/www.w3.org\/2000\/svg\" width=\"40\" height=\"40\" viewbox=\"0 0 40 40\" fill=\"none\"><g clip-path=\"url(#clip0_2354_200)\"><path d=\"M1.25011 30H6.25011V38.75C6.25011 38.9158 6.31596 39.0747 6.43317 39.1919C6.55038 39.3092 6.70935 39.375 6.87511 39.375H33.1251C33.2909 39.375 33.4498 39.3092 33.5671 39.1919C33.6843 39.0747 33.7501 38.9158 33.7501 38.75V30H38.7501C38.8737 30 38.9945 29.9633 39.0973 29.8946C39.2 29.8259 39.2801 29.7283 39.3274 29.6142C39.3747 29.5 39.3871 29.3743 39.363 29.2531C39.3389 29.1319 39.2794 29.0205 39.192 28.9331L33.567 23.3081C33.4498 23.1909 33.2909 23.125 33.1251 23.125H6.87511C6.70936 23.125 6.55042 23.1909 6.43324 23.3081L0.808236 28.9331C0.720855 29.0205 0.661351 29.1319 0.637246 29.2531C0.613142 29.3743 0.625518 29.5 0.672812 29.6142C0.720106 29.7283 0.800193 29.8259 0.902949 29.8946C1.00571 29.9633 1.12652 30 1.25011 30ZM7.50011 30H14.3751C14.5409 30 14.6998 29.9341 14.817 29.8169L19.3751 25.2588V38.125H7.50011V30ZM32.5001 38.125H20.6251V25.2588L25.1832 29.8169C25.3004 29.9341 25.4594 30 25.6251 30H32.5001V38.125ZM32.8664 24.375L37.2414 28.75H25.8839L21.5089 24.375H32.8664ZM7.13386 24.375H18.4914L14.1164 28.75H2.75886L7.13386 24.375ZM9.89761 13.1163L11.5151 13.3862C11.7224 14.2143 12.0507 15.0072 12.4895 15.7394L11.537 17.0737C11.451 17.1941 11.4105 17.341 11.4226 17.4884C11.4347 17.6358 11.4987 17.7741 11.6032 17.8787L13.3714 19.6469C13.4759 19.7515 13.6142 19.8156 13.7616 19.8278C13.909 19.8401 14.056 19.7997 14.1764 19.7137L15.5107 18.76C16.2428 19.1992 17.0357 19.5278 17.8639 19.735L18.1339 21.3531C18.1583 21.4989 18.2336 21.6314 18.3464 21.727C18.4592 21.8225 18.6023 21.875 18.7501 21.875H21.2501C21.398 21.875 21.541 21.8225 21.6538 21.727C21.7667 21.6314 21.842 21.4989 21.8664 21.3531L22.1364 19.735C22.9645 19.5278 23.7575 19.1992 24.4895 18.76L25.8239 19.7137C25.9443 19.7997 26.0912 19.8401 26.2386 19.8278C26.386 19.8156 26.5243 19.7515 26.6289 19.6469L28.397 17.8787C28.5015 17.7741 28.5655 17.6358 28.5776 17.4884C28.5898 17.341 28.5492 17.1941 28.4632 17.0737L27.5107 15.7394C27.9495 15.0072 28.2778 14.2143 28.4851 13.3862L30.1026 13.1163C30.2486 13.092 30.3811 13.0167 30.4768 12.9039C30.5725 12.7911 30.625 12.6479 30.6251 12.5V10C30.625 9.85206 30.5725 9.70894 30.4768 9.5961C30.3811 9.48326 30.2486 9.40801 30.1026 9.38375L28.4851 9.11375C28.2781 8.28564 27.9497 7.49269 27.5107 6.76063L28.4632 5.42625C28.5492 5.30592 28.5898 5.159 28.5776 5.01161C28.5655 4.86422 28.5015 4.7259 28.397 4.62125L26.6289 2.85313C26.5243 2.74853 26.386 2.68441 26.2386 2.67217C26.0912 2.65992 25.9443 2.70035 25.8239 2.78625L24.4895 3.74C23.7575 3.30061 22.9646 2.97205 22.1364 2.765L21.8664 1.14688C21.842 1.00105 21.7667 0.868598 21.6538 0.773049C21.541 0.6775 21.398 0.625043 21.2501 0.625H18.7501C18.6023 0.625043 18.4592 0.6775 18.3464 0.773049C18.2336 0.868598 18.1583 1.00105 18.1339 1.14688L17.8639 2.765C17.0357 2.97205 16.2427 3.30061 15.5107 3.74L14.1764 2.78625C14.056 2.70035 13.909 2.65992 13.7616 2.67217C13.6142 2.68441 13.4759 2.74853 13.3714 2.85313L11.6032 4.62125C11.4987 4.7259 11.4347 4.86422 11.4226 5.01161C11.4105 5.159 11.451 5.30592 11.537 5.42625L12.4895 6.76063C12.0505 7.49269 11.7221 8.28564 11.5151 9.11375L9.89761 9.38375C9.75167 9.40801 9.61907 9.48326 9.5234 9.5961C9.42772 9.70894 9.37518 9.85206 9.37511 10V12.5C9.37518 12.6479 9.42772 12.7911 9.5234 12.9039C9.61907 13.0167 9.75167 13.092 9.89761 13.1163ZM10.6251 10.5294L12.1351 10.2794C12.2603 10.2585 12.3761 10.2 12.4672 10.1117C12.5583 10.0234 12.6203 9.90943 12.6451 9.785C12.8355 8.82077 13.2153 7.9039 13.7626 7.0875C13.8334 6.98161 13.8701 6.85663 13.8679 6.72929C13.8656 6.60196 13.8245 6.47834 13.7501 6.375L12.8614 5.13L13.8807 4.11125L15.1251 5C15.2284 5.07383 15.3517 5.11446 15.4787 5.11647C15.6056 5.11847 15.7302 5.08177 15.8357 5.01125C16.6516 4.46442 17.5678 4.08481 18.5314 3.89437C18.6559 3.86971 18.77 3.80769 18.8584 3.71658C18.9468 3.62548 19.0054 3.5096 19.0264 3.38438L19.2795 1.875H20.7207L20.9707 3.38562C20.9917 3.51085 21.0503 3.62673 21.1387 3.71783C21.2271 3.80894 21.3412 3.87096 21.4657 3.89562C22.4299 4.08582 23.3468 4.46544 24.1632 5.0125C24.2691 5.08312 24.3939 5.11976 24.5211 5.11753C24.6483 5.11529 24.7718 5.07429 24.8751 5L26.1207 4.11L27.1401 5.12875L26.2501 6.375C26.1763 6.47829 26.1357 6.60161 26.1336 6.72856C26.1316 6.8555 26.1683 6.98005 26.2389 7.08562C26.7859 7.90146 27.1657 8.81767 27.3564 9.78125C27.3811 9.90568 27.4432 10.0196 27.5343 10.1079C27.6254 10.1962 27.7412 10.2547 27.8664 10.2756L29.3764 10.5256V11.9669L27.8664 12.2169C27.7412 12.2378 27.6254 12.2963 27.5343 12.3846C27.4432 12.4729 27.3811 12.5868 27.3564 12.7112C27.1655 13.675 26.7857 14.5913 26.2389 15.4075C26.1668 15.5138 26.1292 15.6396 26.1313 15.768C26.1333 15.8964 26.1748 16.021 26.2501 16.125L27.1401 17.375L26.1207 18.3937L24.8751 17.5C24.7718 17.4262 24.6485 17.3855 24.5216 17.3835C24.3946 17.3815 24.2701 17.4182 24.1645 17.4888C23.3485 18.0353 22.4323 18.4149 21.4689 18.6056C21.3443 18.6303 21.2302 18.6923 21.1418 18.7834C21.0534 18.8745 20.9948 18.9904 20.9739 19.1156L20.7207 20.625H19.2795L19.0295 19.1144C19.0085 18.9892 18.95 18.8733 18.8615 18.7822C18.7731 18.6911 18.659 18.629 18.5345 18.6044C17.571 18.4136 16.6549 18.034 15.8389 17.4875C15.7328 17.4165 15.6076 17.3796 15.48 17.3818C15.3524 17.3841 15.2286 17.4253 15.1251 17.5L13.8795 18.39L12.8601 17.3713L13.7501 16.125C13.8238 16.0218 13.8644 15.8986 13.8664 15.7718C13.8684 15.6449 13.8317 15.5205 13.7614 15.415C13.2145 14.5988 12.8347 13.6825 12.6439 12.7188C12.6191 12.5943 12.557 12.4804 12.4659 12.3921C12.3748 12.3038 12.259 12.2453 12.1339 12.2244L10.6251 11.9706V10.5294Z\" fill=\"#1D1D1D\"><\/path><path d=\"M20.0001 16.2499C20.989 16.2499 21.9557 15.9566 22.778 15.4072C23.6002 14.8578 24.2411 14.0769 24.6195 13.1633C24.9979 12.2497 25.097 11.2443 24.904 10.2744C24.7111 9.30451 24.2349 8.41359 23.5356 7.71433C22.8364 7.01507 21.9455 6.53887 20.9756 6.34594C20.0057 6.15301 19.0003 6.25203 18.0867 6.63047C17.1731 7.00891 16.3922 7.64977 15.8428 8.47202C15.2934 9.29426 15.0001 10.261 15.0001 11.2499C15.0016 12.5755 15.5289 13.8464 16.4662 14.7838C17.4036 15.7211 18.6745 16.2484 20.0001 16.2499ZM20.0001 7.49987C20.7418 7.49987 21.4668 7.7198 22.0835 8.13186C22.7002 8.54391 23.1808 9.12958 23.4647 9.8148C23.7485 10.5 23.8228 11.254 23.6781 11.9815C23.5334 12.7089 23.1762 13.3771 22.6518 13.9015C22.1273 14.426 21.4591 14.7831 20.7317 14.9278C20.0043 15.0725 19.2503 14.9982 18.565 14.7144C17.8798 14.4306 17.2942 13.9499 16.8821 13.3333C16.47 12.7166 16.2501 11.9915 16.2501 11.2499C16.2511 10.2556 16.6465 9.30236 17.3496 8.59931C18.0526 7.89627 19.0059 7.50086 20.0001 7.49987ZM31.2501 5.62487H32.5001V12.4999C32.5001 12.6656 32.566 12.8246 32.6832 12.9418C32.8004 13.059 32.9594 13.1249 33.1251 13.1249H36.8751C37.0409 13.1249 37.1998 13.059 37.3171 12.9418C37.4343 12.8246 37.5001 12.6656 37.5001 12.4999V5.62487H38.7501C38.8737 5.62484 38.9945 5.58817 39.0973 5.51949C39.2 5.45081 39.2801 5.35321 39.3274 5.23903C39.3747 5.12484 39.3871 4.99919 39.363 4.87797C39.3389 4.75675 39.2794 4.6454 39.192 4.55799L35.442 0.807992C35.3248 0.690822 35.1658 0.625 35.0001 0.625C34.8344 0.625 34.6754 0.690822 34.5582 0.807992L30.8082 4.55799C30.7209 4.6454 30.6614 4.75675 30.6372 4.87797C30.6131 4.99919 30.6255 5.12484 30.6728 5.23903C30.7201 5.35321 30.8002 5.45081 30.903 5.51949C31.0057 5.58817 31.1265 5.62484 31.2501 5.62487ZM35.0001 2.13362L37.2414 4.37487H36.8751C36.7094 4.37487 36.5504 4.44071 36.4332 4.55792C36.316 4.67514 36.2501 4.83411 36.2501 4.99987V11.8749H33.7501V4.99987C33.7501 4.83411 33.6843 4.67514 33.5671 4.55792C33.4498 4.44071 33.2909 4.37487 33.1251 4.37487H32.7589L35.0001 2.13362ZM4.55824 21.6917C4.67544 21.8089 4.83438 21.8747 5.00011 21.8747C5.16584 21.8747 5.32478 21.8089 5.44199 21.6917L9.19199 17.9417C9.27937 17.8543 9.33887 17.743 9.36298 17.6218C9.38708 17.5005 9.3747 17.3749 9.32741 17.2607C9.28012 17.1465 9.20003 17.0489 9.09727 16.9802C8.99452 16.9116 8.8737 16.8749 8.75011 16.8749H7.50011V9.99987C7.50011 9.83411 7.43426 9.67513 7.31705 9.55793C7.19984 9.44071 7.04087 9.37487 6.87511 9.37487H3.12511C2.95935 9.37487 2.80038 9.44071 2.68317 9.55793C2.56596 9.67513 2.50011 9.83411 2.50011 9.99987V16.8749H1.25011C1.12652 16.8749 1.00571 16.9116 0.902949 16.9802C0.800193 17.0489 0.720106 17.1465 0.672812 17.2607C0.625518 17.3749 0.613142 17.5005 0.637246 17.6218C0.661351 17.743 0.720855 17.8543 0.808236 17.9417L4.55824 21.6917ZM3.12511 18.1249C3.29087 18.1249 3.44984 18.059 3.56705 17.9418C3.68426 17.8246 3.75011 17.6656 3.75011 17.4999V10.6249H6.25011V17.4999C6.25011 17.6656 6.31596 17.8246 6.43317 17.9418C6.55038 18.059 6.70935 18.1249 6.87511 18.1249H7.24136L5.00011 20.3661L2.75886 18.1249H3.12511Z\" fill=\"#1D1D1D\"><\/path><\/g><defs><clippath id=\"clip0_2354_200\"><rect width=\"40\" height=\"40\" fill=\"white\"><\/rect><\/clippath><\/defs><\/svg>                                                                                    <\/div>\n                                        <div class=\"work-content\">\n                                                                                            <h3>Pametna povezanost i nadogradnje<\/h3>\n                                                                                                                                        <p>Besprijekorna integracija s EU cloudom, mobilnim i web aplikacijama (iOS i Android). Sigurna autorizacija putem mobilne aplikacije i automatske over-the-air (OTA) nadogradnje osiguravaju dugoro\u010dnu kompatibilnost i pobolj\u0161anu funkcionalnost.<\/p>\n                                                                                    <\/div>\n                                    <\/div>\n                                <\/div>\n                                                            <div class=\"col magnetic-item\">\n                                    <div class=\"single-work-step\">\n                                        <div class=\"work-icon\">\n                                                                                            <svg aria-hidden=\"true\" class=\"e-font-icon-svg e-fas-hands-helping\" viewbox=\"0 0 640 512\" xmlns=\"http:\/\/www.w3.org\/2000\/svg\"><path d=\"M488 192H336v56c0 39.7-32.3 72-72 72s-72-32.3-72-72V126.4l-64.9 39C107.8 176.9 96 197.8 96 220.2v47.3l-80 46.2C.7 322.5-4.6 342.1 4.3 357.4l80 138.6c8.8 15.3 28.4 20.5 43.7 11.7L231.4 448H368c35.3 0 64-28.7 64-64h16c17.7 0 32-14.3 32-32v-64h8c13.3 0 24-10.7 24-24v-48c0-13.3-10.7-24-24-24zm147.7-37.4L555.7 16C546.9.7 527.3-4.5 512 4.3L408.6 64H306.4c-12 0-23.7 3.4-33.9 9.7L239 94.6c-9.4 5.8-15 16.1-15 27.1V248c0 22.1 17.9 40 40 40s40-17.9 40-40v-88h184c30.9 0 56 25.1 56 56v28.5l80-46.2c15.3-8.9 20.5-28.4 11.7-43.7z\"><\/path><\/svg>                                                                                    <\/div>\n                                        <div class=\"work-content\">\n                                                                                            <h3>Garancija i transparentnost<\/h3>\n                                                                                                                                        <p>U\u017eivajte u 2 godine jamstva na elektroni\u010dke komponente i 30 godina na softver. U slu\u010daju prestanka razvoja, platforma je zajam\u010deno otvorenog koda, \u0161to osigurava dugoro\u010dnu pouzdanost i transparentnost.<\/p>\n                                                                                    <\/div>\n                                    <\/div>\n                                <\/div>\n                                                    <\/div>\n                    <\/div>\n                <\/div>\n            <\/div>\n        <\/div>\n\n\n\n\t\t\t\t<\/div>\n\t\t\t\t<\/div>\n\t\t\t\t\t<\/div>\n\t\t<\/div>\n\t\t\t\t\t<\/div>\n\t\t<\/section>\n\t\t\t\t<\/div>","protected":false},"excerpt":{"rendered":"<p>Smart Wallbox EV Charging at a Small Cost SparkShareBOXEV \u2013 Smart, Sustainable EV Charging Stations for Homes and Businesses SparkShareBOXEV is a next-generation EV charger designed for drivers and businesses who demand efficiency, reliability, and intelligent energy management. With advanced features, real-time monitoring, and seamless integration into the SparkShare ecosystem, SparkShareBOXEV sets a new standard [&hellip;]<\/p>\n","protected":false},"author":1,"featured_media":0,"parent":31,"menu_order":5,"comment_status":"closed","ping_status":"closed","template":"","meta":{"nf_dc_page":"","inline_featured_image":false,"footnotes":""},"class_list":["post-310","page","type-page","status-publish","hentry"],"jetpack_sharing_enabled":true,"_links":{"self":[{"href":"https:\/\/sparkshare.eu\/hr\/wp-json\/wp\/v2\/pages\/310","targetHints":{"allow":["GET"]}}],"collection":[{"href":"https:\/\/sparkshare.eu\/hr\/wp-json\/wp\/v2\/pages"}],"about":[{"href":"https:\/\/sparkshare.eu\/hr\/wp-json\/wp\/v2\/types\/page"}],"author":[{"embeddable":true,"href":"https:\/\/sparkshare.eu\/hr\/wp-json\/wp\/v2\/users\/1"}],"replies":[{"embeddable":true,"href":"https:\/\/sparkshare.eu\/hr\/wp-json\/wp\/v2\/comments?post=310"}],"version-history":[{"count":5,"href":"https:\/\/sparkshare.eu\/hr\/wp-json\/wp\/v2\/pages\/310\/revisions"}],"predecessor-version":[{"id":4746,"href":"https:\/\/sparkshare.eu\/hr\/wp-json\/wp\/v2\/pages\/310\/revisions\/4746"}],"up":[{"embeddable":true,"href":"https:\/\/sparkshare.eu\/hr\/wp-json\/wp\/v2\/pages\/31"}],"wp:attachment":[{"href":"https:\/\/sparkshare.eu\/hr\/wp-json\/wp\/v2\/media?parent=310"}],"curies":[{"name":"wp","href":"https:\/\/api.w.org\/{rel}","templated":true}]}}