{"id":312,"date":"2023-07-20T09:56:40","date_gmt":"2023-07-20T09:56:40","guid":{"rendered":"https:\/\/www.softconic-wp.egenslab.com\/?page_id=312"},"modified":"2025-09-24T11:42:33","modified_gmt":"2025-09-24T11:42:33","slug":"sparkshare-app","status":"publish","type":"page","link":"https:\/\/sparkshare.eu\/hr\/solutions\/sparkshare-app\/","title":{"rendered":"SparkShare App"},"content":{"rendered":"<div data-elementor-type=\"wp-page\" data-elementor-id=\"312\" class=\"elementor elementor-312\" data-elementor-post-type=\"page\">\n\t\t\t\t\t\t<section class=\"elementor-section elementor-top-section elementor-element elementor-element-34985f5e elementor-section-boxed elementor-section-height-default elementor-section-height-default\" data-id=\"34985f5e\" data-element_type=\"section\" data-e-type=\"section\">\n\t\t\t\t\t\t<div class=\"elementor-container elementor-column-gap-default\">\n\t\t\t\t\t<div class=\"elementor-column elementor-col-50 elementor-top-column elementor-element elementor-element-302fc091\" data-id=\"302fc091\" data-element_type=\"column\" data-e-type=\"column\">\n\t\t\t<div class=\"elementor-widget-wrap elementor-element-populated\">\n\t\t\t\t\t\t<div class=\"elementor-element elementor-element-14df0f14 elementor-widget elementor-widget-softconic_heading\" data-id=\"14df0f14\" data-element_type=\"widget\" data-e-type=\"widget\" data-widget_type=\"softconic_heading.default\">\n\t\t\t\t<div class=\"elementor-widget-container\">\n\t\t\t\t\t\n\n\n                    <div class=\"section-title-3\">\n                                    <h2>Va\u0161 ulaz u SparkShare zajednicu<\/h2>\n                                                    <p>\n                        SparkShareAPP \u2013 Va\u0161 pametni suputnik za punjenje\nSparkShareAPP je premium mobilna aplikacija za iOS i Android koja vam omogu\u0107uje potpunu kontrolu nad iskustvom punjenja elektri\u010dnog vozila. S SparkShareAPP lako mo\u017eete postaviti svoj nov\u010danik, nadopuniti WTC tokene i zapo\u010deti punjenje na bilo kojoj SparkShare punionici u mre\u017ei.\nNo to nije sve \u2013 aplikacija vam tako\u0111er omogu\u0107uje potpuno upravljanje va\u0161im SparkShareBOX ure\u0111ajima. Konfigurirajte postavke punja\u010da, prilagodite snagu punjenja od 1 do 32 A i pratite sve sesije punjenja u stvarnom vremenu. SparkShareAPP olak\u0161ava povezivanje, kontrolu i optimizaciju punjenja va\u0161eg EV-a, uz potpunu integraciju u SparkShare zajednicu.                    <\/p>\n                            <\/div>\n        \n        \n        \n        \n\n\t\t\t\t<\/div>\n\t\t\t\t<\/div>\n\t\t\t\t\t<\/div>\n\t\t<\/div>\n\t\t\t\t<div class=\"elementor-column elementor-col-50 elementor-top-column elementor-element elementor-element-8c023fe\" data-id=\"8c023fe\" data-element_type=\"column\" data-e-type=\"column\">\n\t\t\t<div class=\"elementor-widget-wrap elementor-element-populated\">\n\t\t\t\t\t\t<div class=\"elementor-element elementor-element-441a56fb elementor-widget elementor-widget-image\" data-id=\"441a56fb\" data-element_type=\"widget\" data-e-type=\"widget\" data-widget_type=\"image.default\">\n\t\t\t\t<div class=\"elementor-widget-container\">\n\t\t\t\t\t\t\t\t\t\t\t\t\t\t\t<img fetchpriority=\"high\" decoding=\"async\" width=\"1350\" height=\"1688\" src=\"https:\/\/i0.wp.com\/sparkshare.eu\/wp-content\/uploads\/2025\/09\/Pink-and-Black-Minimalist-Phone-Mockup-Instagram-Post.png?fit=1350%2C1688&amp;ssl=1\" class=\"attachment-full size-full wp-image-4585\" alt=\"\" srcset=\"https:\/\/i0.wp.com\/sparkshare.eu\/wp-content\/uploads\/2025\/09\/Pink-and-Black-Minimalist-Phone-Mockup-Instagram-Post.png?w=1350&amp;ssl=1 1350w, https:\/\/i0.wp.com\/sparkshare.eu\/wp-content\/uploads\/2025\/09\/Pink-and-Black-Minimalist-Phone-Mockup-Instagram-Post.png?resize=240%2C300&amp;ssl=1 240w, https:\/\/i0.wp.com\/sparkshare.eu\/wp-content\/uploads\/2025\/09\/Pink-and-Black-Minimalist-Phone-Mockup-Instagram-Post.png?resize=819%2C1024&amp;ssl=1 819w, https:\/\/i0.wp.com\/sparkshare.eu\/wp-content\/uploads\/2025\/09\/Pink-and-Black-Minimalist-Phone-Mockup-Instagram-Post.png?resize=768%2C960&amp;ssl=1 768w, https:\/\/i0.wp.com\/sparkshare.eu\/wp-content\/uploads\/2025\/09\/Pink-and-Black-Minimalist-Phone-Mockup-Instagram-Post.png?resize=1228%2C1536&amp;ssl=1 1228w, https:\/\/i0.wp.com\/sparkshare.eu\/wp-content\/uploads\/2025\/09\/Pink-and-Black-Minimalist-Phone-Mockup-Instagram-Post.png?resize=10%2C12&amp;ssl=1 10w\" sizes=\"(max-width: 1000px) 100vw, 1000px\" \/>\t\t\t\t\t\t\t\t\t\t\t\t\t\t\t<\/div>\n\t\t\t\t<\/div>\n\t\t\t\t\t<\/div>\n\t\t<\/div>\n\t\t\t\t\t<\/div>\n\t\t<\/section>\n\t\t\t\t<section class=\"elementor-section elementor-top-section elementor-element elementor-element-412e441c elementor-section-full_width elementor-section-height-default elementor-section-height-default\" data-id=\"412e441c\" data-element_type=\"section\" data-e-type=\"section\">\n\t\t\t\t\t\t<div class=\"elementor-container elementor-column-gap-no\">\n\t\t\t\t\t<div class=\"elementor-column elementor-col-100 elementor-top-column elementor-element elementor-element-219aeb7a\" data-id=\"219aeb7a\" data-element_type=\"column\" data-e-type=\"column\">\n\t\t\t<div class=\"elementor-widget-wrap elementor-element-populated\">\n\t\t\t\t\t\t<section class=\"elementor-section elementor-inner-section elementor-element elementor-element-4ba1a404 elementor-section-boxed elementor-section-height-default elementor-section-height-default\" data-id=\"4ba1a404\" data-element_type=\"section\" data-e-type=\"section\">\n\t\t\t\t\t\t<div class=\"elementor-container elementor-column-gap-default\">\n\t\t\t\t\t<div class=\"elementor-column elementor-col-100 elementor-inner-column elementor-element elementor-element-c0388a5\" data-id=\"c0388a5\" data-element_type=\"column\" data-e-type=\"column\">\n\t\t\t<div class=\"elementor-widget-wrap elementor-element-populated\">\n\t\t\t\t\t\t<div class=\"elementor-element elementor-element-6afd82d2 elementor-widget elementor-widget-heading\" data-id=\"6afd82d2\" data-element_type=\"widget\" data-e-type=\"widget\" data-widget_type=\"heading.default\">\n\t\t\t\t<div class=\"elementor-widget-container\">\n\t\t\t\t\t<h2 class=\"elementor-heading-title elementor-size-default\">Glavne karakteristike<\/h2>\t\t\t\t<\/div>\n\t\t\t\t<\/div>\n\t\t\t\t\t<\/div>\n\t\t<\/div>\n\t\t\t\t\t<\/div>\n\t\t<\/section>\n\t\t\t\t<div class=\"elementor-element elementor-element-601441da elementor-widget elementor-widget-softconic_service-details\" data-id=\"601441da\" data-element_type=\"widget\" data-e-type=\"widget\" data-widget_type=\"softconic_service-details.default\">\n\t\t\t\t<div class=\"elementor-widget-container\">\n\t\t\t\t\t\n        <div class=\"service-details\">\n            <div class=\"how-we-work-section\">\n                <div class=\"work-item\">\n                    <div class=\"container-fluid\">\n                        <div class=\"row row-cols-xl-5 row-cols-lg-4 row-cols-md-3 row-cols-sm-2 row-cols-1 gy-5 justify-content-center\">\n                                                            <div class=\"col magnetic-item\">\n                                    <div class=\"single-work-step\">\n                                        <div class=\"work-icon\">\n                                                                                            <svg aria-hidden=\"true\" class=\"e-font-icon-svg e-fas-house-damage\" viewbox=\"0 0 576 512\" xmlns=\"http:\/\/www.w3.org\/2000\/svg\"><path d=\"M288 114.96L69.47 307.71c-1.62 1.46-3.69 2.14-5.47 3.35V496c0 8.84 7.16 16 16 16h149.23L192 439.19l104.11-64-60.16-119.22L384 392.75l-104.11 64L319.81 512H496c8.84 0 16-7.16 16-16V311.1c-1.7-1.16-3.72-1.82-5.26-3.2L288 114.96zm282.69 121.32L512 184.45V48c0-8.84-7.16-16-16-16h-64c-8.84 0-16 7.16-16 16v51.69L314.75 10.31C307.12 3.45 297.56.01 288 0s-19.1 3.41-26.7 10.27L5.31 236.28c-6.57 5.91-7.12 16.02-1.21 22.6l21.4 23.82c5.9 6.57 16.02 7.12 22.6 1.21L277.42 81.63c6.05-5.33 15.12-5.33 21.17 0L527.91 283.9c6.57 5.9 16.69 5.36 22.6-1.21l21.4-23.82c5.9-6.57 5.36-16.69-1.22-22.59z\"><\/path><\/svg>                                                                                    <\/div>\n                                        <div class=\"work-content\">\n                                                                                            <h3>Nadzorna plo\u010da<\/h3>\n                                                                                                                                        <p>Glavni ekran SparkShareAPP-a slu\u017ei kao va\u0161a nadzorna plo\u010da, gdje mo\u017eete zapo\u010deti punjenje svog elektri\u010dnog vozila i jednostavno dopuniti svoj WTC nov\u010danik. Budete informirani o svom kori\u0161tenju energije i transakcijama, sve na jednom prakti\u010dnom mjestu.<\/p>\n                                                                                    <\/div>\n                                    <\/div>\n                                <\/div>\n                                                            <div class=\"col magnetic-item\">\n                                    <div class=\"single-work-step\">\n                                        <div class=\"work-icon\">\n                                                                                            <svg aria-hidden=\"true\" class=\"e-font-icon-svg e-fas-map-marked-alt\" viewbox=\"0 0 576 512\" xmlns=\"http:\/\/www.w3.org\/2000\/svg\"><path d=\"M288 0c-69.59 0-126 56.41-126 126 0 56.26 82.35 158.8 113.9 196.02 6.39 7.54 17.82 7.54 24.2 0C331.65 284.8 414 182.26 414 126 414 56.41 357.59 0 288 0zm0 168c-23.2 0-42-18.8-42-42s18.8-42 42-42 42 18.8 42 42-18.8 42-42 42zM20.12 215.95A32.006 32.006 0 0 0 0 245.66v250.32c0 11.32 11.43 19.06 21.94 14.86L160 448V214.92c-8.84-15.98-16.07-31.54-21.25-46.42L20.12 215.95zM288 359.67c-14.07 0-27.38-6.18-36.51-16.96-19.66-23.2-40.57-49.62-59.49-76.72v182l192 64V266c-18.92 27.09-39.82 53.52-59.49 76.72-9.13 10.77-22.44 16.95-36.51 16.95zm266.06-198.51L416 224v288l139.88-55.95A31.996 31.996 0 0 0 576 426.34V176.02c0-11.32-11.43-19.06-21.94-14.86z\"><\/path><\/svg>                                                                                    <\/div>\n                                        <div class=\"work-content\">\n                                                                                            <h3>Interaktivna karta<\/h3>\n                                                                                                                                        <p>Istra\u017eite SparkShare mre\u017eu pomo\u0107u zna\u010dajke interaktivne karte, na kojoj mo\u017eete pregledati sve punja\u010de u mre\u017ei, njihov trenutni status i dostupni kapacitet snage. Prona\u0111ite najbli\u017eu postaju za punjenje ili planirajte svoj put s povjerenjem, znaju\u0107i da imate pristup pouzdanim opcijama punjenja gdje god da krenete.\n\n\n\n\n\n\n\n<\/p>\n                                                                                    <\/div>\n                                    <\/div>\n                                <\/div>\n                                                            <div class=\"col magnetic-item\">\n                                    <div class=\"single-work-step\">\n                                        <div class=\"work-icon\">\n                                                                                            <svg aria-hidden=\"true\" class=\"e-font-icon-svg e-fas-th-list\" viewbox=\"0 0 512 512\" xmlns=\"http:\/\/www.w3.org\/2000\/svg\"><path d=\"M149.333 216v80c0 13.255-10.745 24-24 24H24c-13.255 0-24-10.745-24-24v-80c0-13.255 10.745-24 24-24h101.333c13.255 0 24 10.745 24 24zM0 376v80c0 13.255 10.745 24 24 24h101.333c13.255 0 24-10.745 24-24v-80c0-13.255-10.745-24-24-24H24c-13.255 0-24 10.745-24 24zM125.333 32H24C10.745 32 0 42.745 0 56v80c0 13.255 10.745 24 24 24h101.333c13.255 0 24-10.745 24-24V56c0-13.255-10.745-24-24-24zm80 448H488c13.255 0 24-10.745 24-24v-80c0-13.255-10.745-24-24-24H205.333c-13.255 0-24 10.745-24 24v80c0 13.255 10.745 24 24 24zm-24-424v80c0 13.255 10.745 24 24 24H488c13.255 0 24-10.745 24-24V56c0-13.255-10.745-24-24-24H205.333c-13.255 0-24 10.745-24 24zm24 264H488c13.255 0 24-10.745 24-24v-80c0-13.255-10.745-24-24-24H205.333c-13.255 0-24 10.745-24 24v80c0 13.255 10.745 24 24 24z\"><\/path><\/svg>                                                                                    <\/div>\n                                        <div class=\"work-content\">\n                                                                                            <h3>Povijest transakcija<\/h3>\n                                                                                                                                        <p>Pratite sve svoje transakcije unutar SparkShare ekosustava, uklju\u010duju\u0107i kupovinu ili prodaju WTC tokena, sesije punjenja i isporuke energije putem va\u0161ih SparkShareBOX ure\u0111aja. Ostanite organizirani i informirani o svom kori\u0161tenju energije i financijskim transakcijama.\n\n\n\n\n\n\n\n<\/p>\n                                                                                    <\/div>\n                                    <\/div>\n                                <\/div>\n                                                            <div class=\"col magnetic-item\">\n                                    <div class=\"single-work-step\">\n                                        <div class=\"work-icon\">\n                                                                                            <svg aria-hidden=\"true\" class=\"e-font-icon-svg e-far-address-card\" viewbox=\"0 0 576 512\" xmlns=\"http:\/\/www.w3.org\/2000\/svg\"><path d=\"M528 32H48C21.5 32 0 53.5 0 80v352c0 26.5 21.5 48 48 48h480c26.5 0 48-21.5 48-48V80c0-26.5-21.5-48-48-48zm0 400H48V80h480v352zM208 256c35.3 0 64-28.7 64-64s-28.7-64-64-64-64 28.7-64 64 28.7 64 64 64zm-89.6 128h179.2c12.4 0 22.4-8.6 22.4-19.2v-19.2c0-31.8-30.1-57.6-67.2-57.6-10.8 0-18.7 8-44.8 8-26.9 0-33.4-8-44.8-8-37.1 0-67.2 25.8-67.2 57.6v19.2c0 10.6 10 19.2 22.4 19.2zM360 320h112c4.4 0 8-3.6 8-8v-16c0-4.4-3.6-8-8-8H360c-4.4 0-8 3.6-8 8v16c0 4.4 3.6 8 8 8zm0-64h112c4.4 0 8-3.6 8-8v-16c0-4.4-3.6-8-8-8H360c-4.4 0-8 3.6-8 8v16c0 4.4 3.6 8 8 8zm0-64h112c4.4 0 8-3.6 8-8v-16c0-4.4-3.6-8-8-8H360c-4.4 0-8 3.6-8 8v16c0 4.4 3.6 8 8 8z\"><\/path><\/svg>                                                                                    <\/div>\n                                        <div class=\"work-content\">\n                                                                                            <h3>Upravljanje profilom<\/h3>\n                                                                                                                                        <p>Upravljajte svojim SparkShareBOX ure\u0111ajima i pristupite detaljnim statistikama i uvidima o svom ra\u010dunu putem ekrana profila. Pratite potro\u0161nju energije, pregledajte povijest punjenja i istra\u017eite druge zna\u010dajke za optimizaciju va\u0161eg iskustva upravljanja energijom.<\/p>\n                                                                                    <\/div>\n                                    <\/div>\n                                <\/div>\n                                                    <\/div>\n                    <\/div>\n                <\/div>\n            <\/div>\n        <\/div>\n\n\n\n\t\t\t\t<\/div>\n\t\t\t\t<\/div>\n\t\t\t\t\t<\/div>\n\t\t<\/div>\n\t\t\t\t\t<\/div>\n\t\t<\/section>\n\t\t<div class=\"elementor-element elementor-element-615ba8a e-flex e-con-boxed e-con e-parent\" data-id=\"615ba8a\" data-element_type=\"container\" data-e-type=\"container\">\n\t\t\t\t\t<div class=\"e-con-inner\">\n\t\t\t\t<div class=\"elementor-element elementor-element-9739c88 elementor-widget elementor-widget-softconic_process\" data-id=\"9739c88\" data-element_type=\"widget\" data-e-type=\"widget\" data-widget_type=\"softconic_process.default\">\n\t\t\t\t<div class=\"elementor-widget-container\">\n\t\t\t\t\t\n\n                    <div class=\"home5-process-area\">\n                <div class=\"row g-lg-4 gy-5 justify-content-center\">\n                                            <div class=\"col-lg-4 col-sm-6\">\n                            <div class=\"single-process\">\n                                <div class=\"sl\">\n                                    <h2>01<\/h2>\n                                <\/div>\n                                <div class=\"content\">\n                                                                            <h3>Prakti\u010dnost<\/h3>\n                                                                                                                <p>SparkShareAPP stavlja snagu SparkShare ekosustava na dohvat ruke, omogu\u0107uju\u0107i vam da upravljate svojom potro\u0161njom energije i transakcijama u pokretu.\n\n\n\n\n\n\n\n<\/p>\n                                                                    <\/div>\n                            <\/div>\n                        <\/div>\n                                            <div class=\"col-lg-4 col-sm-6\">\n                            <div class=\"single-process\">\n                                <div class=\"sl\">\n                                    <h2>02<\/h2>\n                                <\/div>\n                                <div class=\"content\">\n                                                                            <h3>Pristupa\u010dnost<\/h3>\n                                                                                                                <p>Uz podr\u0161ku za iOS i Android ure\u0111aje, SparkShareAPP osigurava da mo\u017eete pristupiti SparkShare mre\u017ei s bilo kojeg mobilnog ure\u0111aja, u bilo kojem trenutku i bilo gdje.\n\n\n\n\n\n\n\n<\/p>\n                                                                    <\/div>\n                            <\/div>\n                        <\/div>\n                                            <div class=\"col-lg-4 col-sm-6\">\n                            <div class=\"single-process\">\n                                <div class=\"sl\">\n                                    <h2>03<\/h2>\n                                <\/div>\n                                <div class=\"content\">\n                                                                            <h3>Transparentnost<\/h3>\n                                                                                                                <p>Budite informirani o svojoj potro\u0161nji energije i financijskim transakcijama uz a\u017euriranja u stvarnom vremenu i detaljne uvide koje pru\u017ea SparkShareAPP.\n\n\n\n\n\n\n\n<\/p>\n                                                                    <\/div>\n                            <\/div>\n                        <\/div>\n                                            <div class=\"col-lg-4 col-sm-6\">\n                            <div class=\"single-process\">\n                                <div class=\"sl\">\n                                    <h2>04<\/h2>\n                                <\/div>\n                                <div class=\"content\">\n                                                                            <h3>Anga\u017eman zajednice<\/h3>\n                                                                                                                <p>Pridru\u017eite se \u017eivahnoj zajednici istomi\u0161ljenika koji su strastveni u vezi s odr\u017eivom energijom i zajedni\u010dkom potro\u0161njom, sve putem SparkShareAPP-a.\n\n\n\n\n\n\n\n<\/p>\n                                                                    <\/div>\n                            <\/div>\n                        <\/div>\n                                    <\/div>\n            <\/div>\n        \n\n        \n\n\t\t\t\t<\/div>\n\t\t\t\t<\/div>\n\t\t\t\t\t<\/div>\n\t\t\t\t<\/div>\n\t\t<div class=\"elementor-element elementor-element-ee71a96 e-flex e-con-boxed e-con e-parent\" data-id=\"ee71a96\" data-element_type=\"container\" data-e-type=\"container\">\n\t\t\t\t\t<div class=\"e-con-inner\">\n\t\t\t\t<div class=\"elementor-element elementor-element-badbbab elementor-widget elementor-widget-image\" data-id=\"badbbab\" data-element_type=\"widget\" data-e-type=\"widget\" data-widget_type=\"image.default\">\n\t\t\t\t<div class=\"elementor-widget-container\">\n\t\t\t\t\t\t\t\t\t\t\t\t\t\t\t<img decoding=\"async\" width=\"1150\" height=\"654\" src=\"https:\/\/i0.wp.com\/sparkshare.eu\/wp-content\/uploads\/2025\/09\/Screenshot-2025-09-24-at-13.41.52.png?fit=1150%2C654&amp;ssl=1\" class=\"attachment-2048x2048 size-2048x2048 wp-image-4599\" alt=\"\" srcset=\"https:\/\/i0.wp.com\/sparkshare.eu\/wp-content\/uploads\/2025\/09\/Screenshot-2025-09-24-at-13.41.52.png?w=1150&amp;ssl=1 1150w, https:\/\/i0.wp.com\/sparkshare.eu\/wp-content\/uploads\/2025\/09\/Screenshot-2025-09-24-at-13.41.52.png?resize=300%2C171&amp;ssl=1 300w, https:\/\/i0.wp.com\/sparkshare.eu\/wp-content\/uploads\/2025\/09\/Screenshot-2025-09-24-at-13.41.52.png?resize=1024%2C582&amp;ssl=1 1024w, https:\/\/i0.wp.com\/sparkshare.eu\/wp-content\/uploads\/2025\/09\/Screenshot-2025-09-24-at-13.41.52.png?resize=768%2C437&amp;ssl=1 768w, https:\/\/i0.wp.com\/sparkshare.eu\/wp-content\/uploads\/2025\/09\/Screenshot-2025-09-24-at-13.41.52.png?resize=18%2C10&amp;ssl=1 18w\" sizes=\"(max-width: 1000px) 100vw, 1000px\" \/>\t\t\t\t\t\t\t\t\t\t\t\t\t\t\t<\/div>\n\t\t\t\t<\/div>\n\t\t\t\t\t<\/div>\n\t\t\t\t<\/div>\n\t\t\t\t<\/div>","protected":false},"excerpt":{"rendered":"<p>Your entry into the SparkShare community SparkShareAPP \u2013 Your Smart Charging Companion SparkShareAPP is a premium mobile app for iOS and Android that puts full control of your EV charging experience in the palm of your hand. With SparkShareAPP, you can easily set up your wallet, top up WTC tokens, and start charging at any [&hellip;]<\/p>\n","protected":false},"author":1,"featured_media":0,"parent":31,"menu_order":6,"comment_status":"closed","ping_status":"closed","template":"","meta":{"nf_dc_page":"","inline_featured_image":false,"footnotes":""},"class_list":["post-312","page","type-page","status-publish","hentry"],"jetpack_sharing_enabled":true,"_links":{"self":[{"href":"https:\/\/sparkshare.eu\/hr\/wp-json\/wp\/v2\/pages\/312","targetHints":{"allow":["GET"]}}],"collection":[{"href":"https:\/\/sparkshare.eu\/hr\/wp-json\/wp\/v2\/pages"}],"about":[{"href":"https:\/\/sparkshare.eu\/hr\/wp-json\/wp\/v2\/types\/page"}],"author":[{"embeddable":true,"href":"https:\/\/sparkshare.eu\/hr\/wp-json\/wp\/v2\/users\/1"}],"replies":[{"embeddable":true,"href":"https:\/\/sparkshare.eu\/hr\/wp-json\/wp\/v2\/comments?post=312"}],"version-history":[{"count":5,"href":"https:\/\/sparkshare.eu\/hr\/wp-json\/wp\/v2\/pages\/312\/revisions"}],"predecessor-version":[{"id":4602,"href":"https:\/\/sparkshare.eu\/hr\/wp-json\/wp\/v2\/pages\/312\/revisions\/4602"}],"up":[{"embeddable":true,"href":"https:\/\/sparkshare.eu\/hr\/wp-json\/wp\/v2\/pages\/31"}],"wp:attachment":[{"href":"https:\/\/sparkshare.eu\/hr\/wp-json\/wp\/v2\/media?parent=312"}],"curies":[{"name":"wp","href":"https:\/\/api.w.org\/{rel}","templated":true}]}}